{"id":981,"date":"2021-09-15T00:22:38","date_gmt":"2021-09-14T21:22:38","guid":{"rendered":"https:\/\/d-themes.com\/wordpress\/udesign\/dummy\/build\/?page_id=981"},"modified":"2022-07-22T22:09:44","modified_gmt":"2022-07-22T19:09:44","slug":"contact","status":"publish","type":"page","link":"https:\/\/www.gemcons.com\/en\/contact\/","title":{"rendered":"Contact"},"content":{"rendered":"\t\t<div data-elementor-type=\"wp-page\" data-elementor-id=\"981\" class=\"elementor elementor-981\">\n\t\t\t\t\t\t\t\t\t<section class=\" elementor-section elementor-top-section elementor-element elementor-element-15ebfdd pt-0 mb-10 pb-6 elementor-section-boxed elementor-section-height-default elementor-section-height-default\" data-id=\"15ebfdd\" data-element_type=\"section\">\r\n\t\t\t\t\t\t\t\t<div class=\"elementor-container elementor-column-gap-default\">\r\n\t\t\t\t\r\n\t\t\t\t\t\t\t<div class=\" elementor-column elementor-col-100 elementor-top-column elementor-element elementor-element-8c71560 \" data-id=\"8c71560\" data-element_type=\"column\">\r\n\r\n\t\t\t\r\n\t\t\t<div class=\"elementor-widget-wrap elementor-element-populated\">\r\n\t\t\t\t\t\t\t\t\r\n\t\t\t\t\t<div class=\"elementor-element elementor-element-aa30246 elementor-widget elementor-widget-heading\" data-id=\"aa30246\" data-element_type=\"widget\" data-widget_type=\"heading.default\">\n\t\t\t\t<div class=\"elementor-widget-container\">\n\t\t\t<style>\/*! elementor - v3.6.6 - 08-06-2022 *\/\n.elementor-heading-title{padding:0;margin:0;line-height:1}.elementor-widget-heading .elementor-heading-title[class*=elementor-size-]>a{color:inherit;font-size:inherit;line-height:inherit}.elementor-widget-heading .elementor-heading-title.elementor-size-small{font-size:15px}.elementor-widget-heading .elementor-heading-title.elementor-size-medium{font-size:19px}.elementor-widget-heading .elementor-heading-title.elementor-size-large{font-size:29px}.elementor-widget-heading .elementor-heading-title.elementor-size-xl{font-size:39px}.elementor-widget-heading .elementor-heading-title.elementor-size-xxl{font-size:59px}<\/style><h2 class=\"elementor-heading-title elementor-size-default\">Contact Us<\/h2>\t\t<\/div>\n\t\t\t\t<\/div>\n\t\t\t\t<section class=\" elementor-section elementor-inner-section elementor-element elementor-element-e8bef5b elementor-section-boxed elementor-section-height-default elementor-section-height-default\" data-id=\"e8bef5b\" data-element_type=\"section\">\r\n\t\t\t\t\t\t\t\t<!-- Start .elementor-container -->\r\n\t\t\t\t\t<div class=\"elementor-container elementor-column-gap-no\">\r\n\t\t\t\t\t<!-- Start Slider Wrapper -->\r\n\t\t\t\t\t<div class=\" row cols-lg-2 cols-md-2 cols-sm-2 cols-1 cols-xl-3  gutter-lg slider-wrapper\"  data-slider-options=\"{&quot;spaceBetween&quot;:30,&quot;slidesPerView&quot;:3,&quot;breakpoints&quot;:{&quot;992&quot;:{&quot;slidesPerView&quot;:2},&quot;768&quot;:{&quot;slidesPerView&quot;:2},&quot;576&quot;:{&quot;slidesPerView&quot;:2},&quot;0&quot;:{&quot;slidesPerView&quot;:1},&quot;1201&quot;:{&quot;slidesPerView&quot;:3}},&quot;statusClass&quot;:&quot;slider-dots-default&quot;}\">\r\n\t\t\t\t\t\t\t\t<div class=\" elementor-column elementor-col-33 elementor-inner-column elementor-element elementor-element-ab679c0 \" data-id=\"ab679c0\" data-element_type=\"column\">\r\n\r\n\t\t\t\r\n\t\t\t<div class=\"elementor-widget-wrap elementor-element-populated\">\r\n\t\t\t\t\t\t\t\t\r\n\t\t\t\t\t<div class=\"elementor-element elementor-element-0c594f5 elementor-widget elementor-widget-udesign_widget_iconbox\" data-id=\"0c594f5\" data-element_type=\"widget\" data-widget_type=\"udesign_widget_iconbox.default\">\n\t\t\t\t<div class=\"elementor-widget-container\">\n\t\t\t<div class=\"icon-box position-top icon-default\"><a class=\"link\" href=\"https:\/\/goo.gl\/maps\/xKN18PGS5ep6k24c7\" target=\"nofollow\"><\/a><div class=\"icon-box-feature\"><svg xmlns=\"http:\/\/www.w3.org\/2000\/svg\" xmlns:xlink=\"http:\/\/www.w3.org\/1999\/xlink\" x=\"0px\" y=\"0px\" width=\"55px\" height=\"55px\" viewBox=\"0 0 55 55\" xml:space=\"preserve\">\n<path d=\"M26.591,54.561c0.249,0.279,0.604,0.438,0.977,0.438c0.378,0.021,0.735-0.161,0.983-0.444  c0.45-0.512,11.102-12.708,16.979-26.178c1.293-2.702,1.948-5.566,1.948-8.517C47.479,8.909,38.516,0,27.501,0  C16.484,0,7.521,8.909,7.521,19.859c0,2.995,0.646,5.86,1.901,8.475C15.318,41.85,26.133,54.048,26.591,54.561z M27.501,2.619  c9.572,0,17.358,7.734,17.358,17.241c0,2.556-0.57,5.041-1.711,7.428c-4.71,10.794-12.801,21.021-15.588,24.383  C24.74,48.315,16.53,38.078,11.804,27.244c-1.104-2.3-1.663-4.785-1.663-7.385C10.141,10.353,17.929,2.619,27.501,2.619z\"><\/path>\n<path d=\"M27.5,29.115c5.226,0,9.478-4.251,9.478-9.477c0-5.225-4.252-9.477-9.478-9.477  c-5.225,0-9.477,4.251-9.477,9.477C18.023,24.864,22.275,29.115,27.5,29.115z M27.5,12.781c3.781,0,6.858,3.076,6.858,6.858  c0,3.781-3.077,6.858-6.858,6.858c-3.782,0-6.858-3.077-6.858-6.858C20.642,15.857,23.718,12.781,27.5,12.781z\"><\/path>\n<\/svg><\/div><div class=\"icon-box-content\"><h3 class=\"icon-box-title\"><a class=\"link\" href=\"https:\/\/goo.gl\/maps\/xKN18PGS5ep6k24c7\" target=\"nofollow\">Address<\/a><\/h3><p class=\"icon-box-desc\">Mansuroglu Mah. Ankara Cad. No:81 D:29 Bayrakli, Izmir - T\u00fcrkiye<\/p><\/div><\/div>\t\t<\/div>\n\t\t\t\t<\/div>\n\t\t\t\t\t<\/div>\r\n\t\t\t<\/div>\r\n\t\t\t\t\t\t\t<div class=\" elementor-column elementor-col-33 elementor-inner-column elementor-element elementor-element-c7a13d0 \" data-id=\"c7a13d0\" data-element_type=\"column\">\r\n\r\n\t\t\t\r\n\t\t\t<div class=\"elementor-widget-wrap elementor-element-populated\">\r\n\t\t\t\t\t\t\t\t\r\n\t\t\t\t\t<div class=\"elementor-element elementor-element-49b4583 elementor-widget elementor-widget-udesign_widget_iconbox\" data-id=\"49b4583\" data-element_type=\"widget\" data-widget_type=\"udesign_widget_iconbox.default\">\n\t\t\t\t<div class=\"elementor-widget-container\">\n\t\t\t<div class=\"icon-box position-top icon-default\"><div class=\"icon-box-feature\"><svg xmlns=\"http:\/\/www.w3.org\/2000\/svg\" xmlns:xlink=\"http:\/\/www.w3.org\/1999\/xlink\" x=\"0px\" y=\"0px\" width=\"55px\" height=\"55px\" viewBox=\"0 0 55 55\" xml:space=\"preserve\">\n<g>\n\t<path d=\"M27.5,0C12.336,0,0,12.336,0,27.5C0,42.663,12.336,55,27.5,55C42.663,55,55,42.663,55,27.5   C55,12.336,42.663,0,27.5,0z M27.5,52.963C13.459,52.963,2.037,41.54,2.037,27.5c0-14.041,11.422-25.463,25.463-25.463   c14.04,0,25.463,11.422,25.463,25.463C52.963,41.54,41.54,52.963,27.5,52.963z\"><\/path>\n\t<path d=\"M28.519,22.51V6.111c0-0.563-0.456-1.019-1.019-1.019s-1.019,0.456-1.019,1.019V22.51   c-1.992,0.406-3.565,1.979-3.971,3.971h-9.27c-0.563,0-1.019,0.456-1.019,1.019s0.456,1.019,1.019,1.019h9.27   c0.474,2.321,2.53,4.074,4.99,4.074c2.808,0,5.093-2.285,5.093-5.093C32.593,25.041,30.84,22.984,28.519,22.51z M27.5,30.556   c-1.685,0-3.056-1.371-3.056-3.056c0-1.685,1.371-3.056,3.056-3.056c1.685,0,3.056,1.371,3.056,3.056   C30.556,29.185,29.185,30.556,27.5,30.556z\"><\/path>\n<\/g>\n<\/svg><\/div><div class=\"icon-box-content\"><h3 class=\"icon-box-title\">Working Hours<\/h3><p class=\"icon-box-desc\">Weekdays: 9:00 - 18:30<br>Weekends: Closed<\/p><\/div><\/div>\t\t<\/div>\n\t\t\t\t<\/div>\n\t\t\t\t\t<\/div>\r\n\t\t\t<\/div>\r\n\t\t\t\t\t\t\t<div class=\" elementor-column elementor-col-33 elementor-inner-column elementor-element elementor-element-6158f61 \" data-id=\"6158f61\" data-element_type=\"column\">\r\n\r\n\t\t\t\r\n\t\t\t<div class=\"elementor-widget-wrap elementor-element-populated\">\r\n\t\t\t\t\t\t\t\t\r\n\t\t\t\t\t<div class=\"elementor-element elementor-element-f2f3330 cs-icon-box-1 elementor-widget elementor-widget-udesign_widget_iconbox\" data-id=\"f2f3330\" data-element_type=\"widget\" data-widget_type=\"udesign_widget_iconbox.default\">\n\t\t\t\t<div class=\"elementor-widget-container\">\n\t\t\t<div class=\"icon-box position-top icon-default\"><a class=\"link\" href=\"tel:00902326832125\"><\/a><div class=\"icon-box-feature\"><svg xmlns=\"http:\/\/www.w3.org\/2000\/svg\" xmlns:xlink=\"http:\/\/www.w3.org\/1999\/xlink\" id=\"Layer_1\" x=\"0px\" y=\"0px\" width=\"55px\" height=\"55px\" viewBox=\"0 0 55 55\" xml:space=\"preserve\">\n<g>\n\t<path d=\"M54.28,44.819c-0.143-0.966-0.77-1.817-1.916-2.602l-11.832-8.096c-0.61-0.416-1.321-0.637-2.055-0.637   c-1.143,0-2.213,0.539-2.868,1.448l-3.071,4.347c-0.241,0.337-0.297,0.752-0.313,1.152c-1.174,0.173-4.579,0.067-10.166-5.518   c-5.402-5.395-7.96-9.362-7.628-11.812c0.06-0.029,0.103-0.088,0.157-0.129c0.282-0.078,0.541-0.174,0.75-0.337l4.24-3.212   c1.513-1.142,1.81-3.362,0.658-4.955l-8.48-11.563c-1.631-2.222-3.55-2.454-5.609-0.685C4.844,3.338,2.683,6.035,1.787,7.657   c-0.491,0.869-0.695,1.766-0.608,2.668c-0.313,1.299-0.996,5.127,0.141,10.466c1.545,7.257,5.724,14.224,12.421,20.708   c11.198,10.835,21.034,12.453,25.9,12.454c0,0,0,0,0.001,0c2.862,0,4.856-0.525,5.776-0.912c0.855,0.036,1.699-0.204,2.523-0.698   c1.596-0.944,4.217-3.194,5.289-4.538C54.079,46.755,54.421,45.778,54.28,44.819z M51.671,46.552   c-0.924,1.159-3.364,3.251-4.75,4.071c-0.188,0.112-0.374,0.194-0.558,0.263c-1.351-0.586-3.726-1.828-4.438-2.719   c-0.345-0.431-0.975-0.501-1.405-0.156c-0.431,0.346-0.501,0.975-0.156,1.406c0.628,0.785,1.83,1.568,2.927,2.178   c-0.877,0.19-2.096,0.357-3.648,0.357h-0.001c-4.563-0.001-13.817-1.546-24.509-11.892C-0.115,25.299,2.781,12.097,3.162,10.641   c0.034-0.13,0.041-0.266,0.021-0.398c-0.078-0.529,0.035-1.054,0.35-1.61C4.315,7.215,6.328,4.702,7.45,3.74   c0.516-0.444,0.975-0.679,1.327-0.679c0.151,0,0.611,0,1.367,1.029l8.476,11.558c0.515,0.712,0.404,1.69-0.248,2.183l-4.195,3.183   c-0.017,0.008-0.046,0.018-0.074,0.026c-1.105-0.849-2.619-2.129-3.096-2.859c-0.301-0.463-0.922-0.592-1.384-0.292   c-0.462,0.302-0.593,0.922-0.291,1.384c0.646,0.991,2.208,2.301,3.206,3.085c-0.796,3.258,1.734,7.607,8.109,13.973   c5.08,5.078,8.783,6.144,10.995,6.144c0.97,0,1.696-0.216,2.052-0.418c0.268-0.152,0.451-0.419,0.496-0.724   c0.02-0.136,0.026-0.332,0.029-0.548c0.001-0.12,0.004-0.326,0.018-0.44l3.002-4.248c0.457-0.634,1.476-0.793,2.167-0.322   l11.83,8.095c0.653,0.446,1.012,0.864,1.067,1.242C52.356,45.481,52.146,45.965,51.671,46.552z\"><\/path>\n\t<path d=\"M26.359,12.569c7.735,2.362,13.787,8.383,16.189,16.105c0.133,0.429,0.528,0.703,0.955,0.703   c0.098,0,0.198-0.015,0.297-0.045c0.527-0.164,0.822-0.725,0.658-1.252c-2.6-8.355-9.146-14.869-17.515-17.423   c-0.529-0.166-1.087,0.136-1.249,0.664C25.533,11.849,25.831,12.408,26.359,12.569z\"><\/path>\n\t<path d=\"M27.731,5.159C39.328,7.9,48.194,17.246,50.318,28.968c0.087,0.482,0.509,0.821,0.983,0.821   c0.059,0,0.119-0.005,0.179-0.016c0.544-0.099,0.904-0.619,0.806-1.163C50.021,16.106,40.563,6.136,28.191,3.211   c-0.537-0.122-1.076,0.206-1.203,0.743C26.861,4.493,27.194,5.031,27.731,5.159z\"><\/path>\n<\/g>\n<\/svg><\/div><div class=\"icon-box-content\"><h3 class=\"icon-box-title\"><a class=\"link\" href=\"tel:00902326832125\">Phone<\/a><\/h3><p class=\"icon-box-desc\">+90 232 683 21 25<\/p><\/div><\/div>\t\t<\/div>\n\t\t\t\t<\/div>\n\t\t\t\t\t<\/div>\r\n\t\t\t<\/div>\r\n\t\t\t\t\t\t\t\t<\/div><!-- End Slider Wrapper & .elementor-row -->\r\n\t\t\t\t<\/div><!-- End .elementor-container -->\r\n\t\t\t\t\t\t\t\t<\/section>\r\n\t\t\t\t\t\t<div class=\"elementor-element elementor-element-0d27f34 elementor-widget elementor-widget-heading\" data-id=\"0d27f34\" data-element_type=\"widget\" data-widget_type=\"heading.default\">\n\t\t\t\t<div class=\"elementor-widget-container\">\n\t\t\t<h2 class=\"elementor-heading-title elementor-size-default\">Contact Form<\/h2>\t\t<\/div>\n\t\t\t\t<\/div>\n\t\t\t\t<div class=\"elementor-element elementor-element-362d8f9 cs-form-1 elementor-widget elementor-widget-wpforms\" data-id=\"362d8f9\" data-element_type=\"widget\" data-widget_type=\"wpforms.default\">\n\t\t\t\t<div class=\"elementor-widget-container\">\n\t\t\t<div class=\"wpforms-container wpforms-container-full\" id=\"wpforms-1030\"><form id=\"wpforms-form-1030\" class=\"wpforms-validate wpforms-form wpforms-ajax-form\" data-formid=\"1030\" method=\"post\" enctype=\"multipart\/form-data\" action=\"\/en\/wp-json\/wp\/v2\/pages\/981\" data-token=\"f31c1644077dd2d4007dc06b01e13be3\"><noscript class=\"wpforms-error-noscript\">Please enable JavaScript in your browser to complete this form.<\/noscript><div class=\"wpforms-field-container\"><div id=\"wpforms-1030-field_1-container\" class=\"wpforms-field wpforms-field-name wpforms-one-half wpforms-first\" data-field-id=\"1\"><label class=\"wpforms-field-label wpforms-label-hide\" for=\"wpforms-1030-field_1\">Name <span class=\"wpforms-required-label\">*<\/span><\/label><input type=\"text\" id=\"wpforms-1030-field_1\" class=\"wpforms-field-large wpforms-field-required\" name=\"wpforms[fields][1]\" placeholder=\"Name\" required><\/div><div id=\"wpforms-1030-field_3-container\" class=\"wpforms-field wpforms-field-name wpforms-one-half wpforms-first\" data-field-id=\"3\"><label class=\"wpforms-field-label wpforms-label-hide\" for=\"wpforms-1030-field_3\">Name (copy) <span class=\"wpforms-required-label\">*<\/span><\/label><input type=\"text\" id=\"wpforms-1030-field_3\" class=\"wpforms-field-large wpforms-field-required\" name=\"wpforms[fields][3]\" placeholder=\"Surname\" required><\/div><div id=\"wpforms-1030-field_2-container\" class=\"wpforms-field wpforms-field-email wpforms-one-half wpforms-first\" data-field-id=\"2\"><label class=\"wpforms-field-label wpforms-label-hide\" for=\"wpforms-1030-field_2\">Email <span class=\"wpforms-required-label\">*<\/span><\/label><input type=\"email\" id=\"wpforms-1030-field_2\" class=\"wpforms-field-large wpforms-field-required\" name=\"wpforms[fields][2]\" placeholder=\"E-Mail Address\" required><\/div><div id=\"wpforms-1030-field_4-container\" class=\"wpforms-field wpforms-field-textarea wpforms-one-half\" data-field-id=\"4\"><textarea id=\"wpforms-1030-field_4\" class=\"wpforms-field-medium wpforms-field-required\" name=\"wpforms[fields][4]\" placeholder=\"Your Message\" required><\/textarea><\/div><\/div><div class=\"wpforms-submit-container\"><input type=\"hidden\" name=\"wpforms[id]\" value=\"1030\"><input type=\"hidden\" name=\"wpforms[author]\" value=\"1\"><button type=\"submit\" name=\"wpforms[submit]\" id=\"wpforms-submit-1030\" class=\"wpforms-submit\" data-alt-text=\"Sending...\" data-submit-text=\"Send Message\" aria-live=\"assertive\" value=\"wpforms-submit\">Send Message<\/button><img decoding=\"async\" src=\"https:\/\/www.gemcons.com\/en\/wp-content\/plugins\/wpforms-lite\/assets\/images\/submit-spin.svg\" class=\"wpforms-submit-spinner\" style=\"display: none;\" width=\"26\" height=\"26\" alt=\"\"><\/div><\/form><\/div>  <!-- .wpforms-container -->\t\t<\/div>\n\t\t\t\t<\/div>\n\t\t\t\t\t<\/div>\r\n\t\t\t<\/div>\r\n\t\t\t\t\t\t\t<\/div>\r\n\t\t\t<\/section>\r\n\t\t\t\t\t<div class=\" elementor-section elementor-top-section elementor-element elementor-element-ba2201c elementor-section-full_width elementor-section-height-default elementor-section-height-default\" data-id=\"ba2201c\" data-element_type=\"section\">\r\n\t\t\t\t\t\t\t\t<div class=\"elementor-container elementor-column-gap-no\">\r\n\t\t\t\t\r\n\t\t\t\t\t\t\t<div class=\" elementor-column elementor-col-100 elementor-top-column elementor-element elementor-element-406a77c \" data-id=\"406a77c\" data-element_type=\"column\">\r\n\r\n\t\t\t\r\n\t\t\t<div class=\"elementor-widget-wrap elementor-element-populated\">\r\n\t\t\t\t\t\t\t\t\r\n\t\t\t\t\t<div class=\"elementor-element elementor-element-cac2ba6 elementor-widget elementor-widget-google_maps\" data-id=\"cac2ba6\" data-element_type=\"widget\" data-widget_type=\"google_maps.default\">\n\t\t\t\t<div class=\"elementor-widget-container\">\n\t\t\t<style>\/*! elementor - v3.6.6 - 08-06-2022 *\/\n.elementor-widget-google_maps .elementor-widget-container{overflow:hidden}.elementor-widget-google_maps iframe{height:300px}<\/style>\t\t<div class=\"elementor-custom-embed\">\n\t\t\t<iframe frameborder=\"0\" scrolling=\"no\" marginheight=\"0\" marginwidth=\"0\"\n\t\t\t\t\tsrc=\"https:\/\/maps.google.com\/maps?q=Mansuro%C4%9Flu%20Mah.%20Ankara%20Cad.%20No%3A81%20D%3A29%20Bayrakl%C4%B1%2C%20%C4%B0zmir&#038;t=m&#038;z=14&#038;output=embed&#038;iwloc=near\"\n\t\t\t\t\ttitle=\"Mansuro\u011flu Mah. Ankara Cad. No:81 D:29 Bayrakl\u0131, \u0130zmir\"\n\t\t\t\t\taria-label=\"Mansuro\u011flu Mah. Ankara Cad. No:81 D:29 Bayrakl\u0131, \u0130zmir\"\n\t\t\t><\/iframe>\n\t\t<\/div>\n\t\t\t\t<\/div>\n\t\t\t\t<\/div>\n\t\t\t\t\t<\/div>\r\n\t\t\t<\/div>\r\n\t\t\t\t\t\t\t<\/div>\r\n\t\t\t<\/div>\r\n\t\t\t\t\t\t\t\t<\/div>\n\t\t","protected":false},"excerpt":{"rendered":"<p>Contact Us Address Mansuroglu Mah. Ankara Cad. No:81 D:29 Bayrakli, Izmir &#8211; T\u00fcrkiye Working Hours Weekdays: 9:00 &#8211; 18:30Weekends: Closed Phone +90 232 683 21 25 Contact Form<\/p>\n","protected":false},"author":1,"featured_media":0,"parent":0,"menu_order":6,"comment_status":"closed","ping_status":"closed","template":"","meta":{"footnotes":""},"class_list":["post-981","page","type-page","status-publish","hentry"],"_links":{"self":[{"href":"https:\/\/www.gemcons.com\/en\/wp-json\/wp\/v2\/pages\/981","targetHints":{"allow":["GET"]}}],"collection":[{"href":"https:\/\/www.gemcons.com\/en\/wp-json\/wp\/v2\/pages"}],"about":[{"href":"https:\/\/www.gemcons.com\/en\/wp-json\/wp\/v2\/types\/page"}],"author":[{"embeddable":true,"href":"https:\/\/www.gemcons.com\/en\/wp-json\/wp\/v2\/users\/1"}],"replies":[{"embeddable":true,"href":"https:\/\/www.gemcons.com\/en\/wp-json\/wp\/v2\/comments?post=981"}],"version-history":[{"count":24,"href":"https:\/\/www.gemcons.com\/en\/wp-json\/wp\/v2\/pages\/981\/revisions"}],"predecessor-version":[{"id":3910,"href":"https:\/\/www.gemcons.com\/en\/wp-json\/wp\/v2\/pages\/981\/revisions\/3910"}],"wp:attachment":[{"href":"https:\/\/www.gemcons.com\/en\/wp-json\/wp\/v2\/media?parent=981"}],"curies":[{"name":"wp","href":"https:\/\/api.w.org\/{rel}","templated":true}]}}