{"id":1056,"date":"2021-09-15T04:38:31","date_gmt":"2021-09-15T04:38:31","guid":{"rendered":"https:\/\/d-themes.com\/wordpress\/udesign\/dummy\/build\/?page_id=1056"},"modified":"2025-12-10T00:20:08","modified_gmt":"2025-12-09T21:20:08","slug":"hakkimizda","status":"publish","type":"page","link":"https:\/\/www.gemcons.com\/tr\/kurumsal\/hakkimizda\/","title":{"rendered":"Hakk\u0131m\u0131zda"},"content":{"rendered":"\t\t<div data-elementor-type=\"wp-page\" data-elementor-id=\"1056\" class=\"elementor elementor-1056\">\n\t\t\t\t\t\t\t\t\t<section class=\" elementor-section elementor-top-section elementor-element elementor-element-ef402da elementor-section-boxed elementor-section-height-default elementor-section-height-default\" data-id=\"ef402da\" data-element_type=\"section\">\r\n\t\t\t\t\t\t\t\t<div class=\"elementor-container elementor-column-gap-default\">\r\n\t\t\t\t\r\n\t\t\t\t\t\t\t<div class=\" elementor-column elementor-col-100 elementor-top-column elementor-element elementor-element-abefabb \" data-id=\"abefabb\" data-element_type=\"column\">\r\n\r\n\t\t\t\r\n\t\t\t<div class=\"elementor-widget-wrap elementor-element-populated\">\r\n\t\t\t\t\t\t\t\t\r\n\t\t\t\t\t<div class=\"duplex-widget elementor-element elementor-element-e1e6d54 mt-10 mb-6 elementor-invisible elementor-widget elementor-widget-heading\" data-id=\"e1e6d54\" data-element_type=\"widget\" data-settings=\"{&quot;_animation&quot;:&quot;fadeInUpShorter&quot;}\" data-widget_type=\"heading.default\">\n\t\t<div class=\"duplex-wrap duplex-wrap-e1e6d54 t-mc\">\r\n\t\t\t\t\t\t\t\t\t\t\t<span class=\"duplex duplex-text\">\u0130lk Bak\u0131\u015fta Gem<\/span>\r\n\t\t\t\t\t\t\t\t\t\t<\/div>\t\t<div class=\"elementor-widget-container\">\n\t\t\t<style>\/*! elementor - v3.6.6 - 08-06-2022 *\/\n.elementor-heading-title{padding:0;margin:0;line-height:1}.elementor-widget-heading .elementor-heading-title[class*=elementor-size-]>a{color:inherit;font-size:inherit;line-height:inherit}.elementor-widget-heading .elementor-heading-title.elementor-size-small{font-size:15px}.elementor-widget-heading .elementor-heading-title.elementor-size-medium{font-size:19px}.elementor-widget-heading .elementor-heading-title.elementor-size-large{font-size:29px}.elementor-widget-heading .elementor-heading-title.elementor-size-xl{font-size:39px}.elementor-widget-heading .elementor-heading-title.elementor-size-xxl{font-size:59px}<\/style><h3 class=\"elementor-heading-title elementor-size-default\">\u0130lk Bak\u0131\u015fta Gem<\/h3>\t\t<\/div>\n\t\t\t\t<\/div>\n\t\t\t\t<div class=\"elementor-element elementor-element-ea012d1 max-1020 me-auto ms-auto mb-9 elementor-invisible elementor-widget elementor-widget-heading\" data-id=\"ea012d1\" data-element_type=\"widget\" data-settings=\"{&quot;_animation&quot;:&quot;fadeInUpShorter&quot;,&quot;_animation_delay&quot;:200}\" data-widget_type=\"heading.default\">\n\t\t\t\t<div class=\"elementor-widget-container\">\n\t\t\t<p class=\"elementor-heading-title elementor-size-default\">GEM A.\u015e., end\u00fcstriyel tesisler, \u201cb\u00fcy\u00fck \u00f6l\u00e7ekli\u201d ticari yap\u0131lar, al\u0131\u015fveri\u015f merkezleri, sa\u011fl\u0131k yap\u0131lar\u0131, turizm ve konaklama tesisleri, Ar-Ge ve veri merkezleri gibi \u00e7e\u015fitli alanlarda geni\u015f uzmanl\u0131\u011fa sahip bir taahh\u00fct firmas\u0131d\u0131r.<\/p>\t\t<\/div>\n\t\t\t\t<\/div>\n\t\t\t\t<div class=\"elementor-element elementor-element-69d7d0c max-1020 me-auto ms-auto mb-9 elementor-invisible elementor-widget elementor-widget-heading\" data-id=\"69d7d0c\" data-element_type=\"widget\" data-settings=\"{&quot;_animation&quot;:&quot;fadeInUpShorter&quot;,&quot;_animation_delay&quot;:200}\" data-widget_type=\"heading.default\">\n\t\t\t\t<div class=\"elementor-widget-container\">\n\t\t\t<p class=\"elementor-heading-title elementor-size-default\">GEM A.\u015e., sekt\u00f6rde yirmi y\u0131l\u0131 a\u015fk\u0131n deneyime sahip bir grup m\u00fchendis taraf\u0131ndan, \"daha iyi m\u00fchendislik \u00e7\u00f6z\u00fcmleri sunmak\" amac\u0131yla kurulmu\u015ftur.\n\u015eirketimiz ba\u015flang\u0131\u00e7ta g\u00fc\u00e7l\u00fc bir mekanik, elektrik ve s\u0131hhi tesisat (MEP) tecr\u00fcbesi \u00fczerine temellenmi\u015f ve zamanla yetkinliklerini geli\u015ftirerek uluslararas\u0131 bir taahh\u00fct \u015firketine d\u00f6n\u00fc\u015fm\u00fc\u015ft\u00fcr.\n<\/p>\t\t<\/div>\n\t\t\t\t<\/div>\n\t\t\t\t<div class=\"elementor-element elementor-element-8829d45 max-1020 me-auto ms-auto mb-9 elementor-invisible elementor-widget elementor-widget-heading\" data-id=\"8829d45\" data-element_type=\"widget\" data-settings=\"{&quot;_animation&quot;:&quot;fadeInUpShorter&quot;,&quot;_animation_delay&quot;:200}\" data-widget_type=\"heading.default\">\n\t\t\t\t<div class=\"elementor-widget-container\">\n\t\t\t<p class=\"elementor-heading-title elementor-size-default\">Genel merkezi \u0130zmir T\u00fcrkiye\u2019de bulunan firmam\u0131z, y\u00fcksek nitelikli ve deneyimli teknik kadrosu ile, anahtar teslim tasarla ve yap (Turnkey D&B) projelerden EPC (Engineering, Procurement, Construction) s\u00f6zle\u015fmelerine kadar geni\u015f bir yelpazede hizmet vermektedir.<\/p>\t\t<\/div>\n\t\t\t\t<\/div>\n\t\t\t\t<div class=\"elementor-element elementor-element-15b8bb3 max-1020 me-auto ms-auto mb-9 elementor-invisible elementor-widget elementor-widget-heading\" data-id=\"15b8bb3\" data-element_type=\"widget\" data-settings=\"{&quot;_animation&quot;:&quot;fadeInUpShorter&quot;,&quot;_animation_delay&quot;:200}\" data-widget_type=\"heading.default\">\n\t\t\t\t<div class=\"elementor-widget-container\">\n\t\t\t<p class=\"elementor-heading-title elementor-size-default\">GEM A.\u015e., dinamik proje ortamlar\u0131na uyum sa\u011flama yetene\u011fi ve m\u00fc\u015fterilerine sundu\u011fu y\u00fcksek kaliteli teknik destek ile tan\u0131nmaktad\u0131r. Sa\u011flad\u0131\u011f\u0131m\u0131z kapsaml\u0131 m\u00fchendislik bilgisi, projelerin ba\u015far\u0131s\u0131n\u0131 garanti alt\u0131na al\u0131rken, tasar\u0131m ve sonu\u00e7lar \u00fczerinde zorluk ya\u015fanmadan projenin h\u0131zla ilerlemesini sa\u011flar.<\/p>\t\t<\/div>\n\t\t\t\t<\/div>\n\t\t\t\t<div class=\"elementor-element elementor-element-07c9869 max-1020 me-auto ms-auto mb-9 elementor-invisible elementor-widget elementor-widget-heading\" data-id=\"07c9869\" data-element_type=\"widget\" data-settings=\"{&quot;_animation&quot;:&quot;fadeInUpShorter&quot;,&quot;_animation_delay&quot;:200}\" data-widget_type=\"heading.default\">\n\t\t\t\t<div class=\"elementor-widget-container\">\n\t\t\t<p class=\"elementor-heading-title elementor-size-default\">GEM A.\u015e., kuruldu\u011fu ilk g\u00fcnden bug\u00fcne, kurumsal kimli\u011fi, uzmanl\u0131\u011f\u0131, teknik bilgi birikimi ve en \u00f6nemlisi g\u00fcvenilirli\u011fi ile sekt\u00f6rde g\u00fc\u00e7l\u00fc bir itibara ula\u015fm\u0131\u015ft\u0131r.<\/p>\t\t<\/div>\n\t\t\t\t<\/div>\n\t\t\t\t<div class=\"elementor-element elementor-element-3ba4dbb max-1020 me-auto ms-auto mb-9 elementor-invisible elementor-widget elementor-widget-heading\" data-id=\"3ba4dbb\" data-element_type=\"widget\" data-settings=\"{&quot;_animation&quot;:&quot;fadeInUpShorter&quot;,&quot;_animation_delay&quot;:200}\" data-widget_type=\"heading.default\">\n\t\t\t\t<div class=\"elementor-widget-container\">\n\t\t\t<p class=\"elementor-heading-title elementor-size-default\">Bu nedenle \u015firketimizin slogan\u0131n\u0131 gururla payla\u015f\u0131yoruz;\n\u201cDaha iyi m\u00fchendislik\u201d<\/p>\t\t<\/div>\n\t\t\t\t<\/div>\n\t\t\t\t<div class=\"elementor-element elementor-element-d1e76f4 elementor-widget elementor-widget-image\" data-id=\"d1e76f4\" data-element_type=\"widget\" data-widget_type=\"image.default\">\n\t\t\t\t<div class=\"elementor-widget-container\">\n\t\t\t<style>\/*! elementor - v3.6.6 - 08-06-2022 *\/\n.elementor-widget-image{text-align:center}.elementor-widget-image a{display:inline-block}.elementor-widget-image a img[src$=\".svg\"]{width:48px}.elementor-widget-image img{vertical-align:middle;display:inline-block}<\/style>\t\t\t\t\t\t\t\t\t\t\t\t<img decoding=\"async\" width=\"572\" height=\"62\" src=\"https:\/\/www.gemcons.com\/tr\/wp-content\/uploads\/2022\/07\/daha-iyi-muhendislik.png\" class=\"attachment-medium_large size-medium_large\" alt=\"\" srcset=\"https:\/\/www.gemcons.com\/tr\/wp-content\/uploads\/2022\/07\/daha-iyi-muhendislik.png 572w, https:\/\/www.gemcons.com\/tr\/wp-content\/uploads\/2022\/07\/daha-iyi-muhendislik-570x62.png 570w\" sizes=\"(max-width: 572px) 100vw, 572px\" \/>\t\t\t\t\t\t\t\t\t\t\t\t\t\t\t<\/div>\n\t\t\t\t<\/div>\n\t\t\t\t\t<\/div>\r\n\t\t\t<\/div>\r\n\t\t\t\t\t\t\t<\/div>\r\n\t\t\t<\/section>\r\n\t\t\t\t\t<section class=\" elementor-section elementor-top-section elementor-element elementor-element-ec9db52 elementor-section-full_width elementor-section-content-middle elementor-section-height-default elementor-section-height-default\" data-id=\"ec9db52\" data-element_type=\"section\" data-settings=\"{&quot;background_background&quot;:&quot;classic&quot;}\">\r\n\t\t\t\t\t\t\t\t<div class=\"elementor-container elementor-column-gap-no\">\r\n\t\t\t\t\r\n\t\t\t\t\t\t\t<div class=\" elementor-column elementor-col-50 elementor-top-column elementor-element elementor-element-010b6b6 \" data-id=\"010b6b6\" data-element_type=\"column\">\r\n\r\n\t\t\t\r\n\t\t\t<div class=\"elementor-widget-wrap elementor-element-populated\">\r\n\t\t\t\t\t\t\t\t\r\n\t\t\t\t\t<div class=\"elementor-element elementor-element-3bc24fb elementor-widget elementor-widget-image\" data-id=\"3bc24fb\" data-element_type=\"widget\" data-widget_type=\"image.default\">\n\t\t\t\t<div class=\"elementor-widget-container\">\n\t\t\t\t\t\t\t\t\t\t\t\t\t\t\t<img decoding=\"async\" width=\"771\" height=\"566\" src=\"https:\/\/www.gemcons.com\/tr\/wp-content\/uploads\/2025\/12\/office1.jpg\" class=\"attachment-full size-full\" alt=\"\" srcset=\"https:\/\/www.gemcons.com\/tr\/wp-content\/uploads\/2025\/12\/office1.jpg 771w, https:\/\/www.gemcons.com\/tr\/wp-content\/uploads\/2025\/12\/office1-768x564.jpg 768w\" sizes=\"(max-width: 771px) 100vw, 771px\" \/>\t\t\t\t\t\t\t\t\t\t\t\t\t\t\t<\/div>\n\t\t\t\t<\/div>\n\t\t\t\t<div class=\"elementor-element elementor-element-993527a elementor-widget elementor-widget-text-editor\" data-id=\"993527a\" data-element_type=\"widget\" data-widget_type=\"text-editor.default\">\n\t\t\t\t<div class=\"elementor-widget-container\">\n\t\t\t<style>\/*! elementor - v3.6.6 - 08-06-2022 *\/\n.elementor-widget-text-editor.elementor-drop-cap-view-stacked .elementor-drop-cap{background-color:#818a91;color:#fff}.elementor-widget-text-editor.elementor-drop-cap-view-framed .elementor-drop-cap{color:#818a91;border:3px solid;background-color:transparent}.elementor-widget-text-editor:not(.elementor-drop-cap-view-default) .elementor-drop-cap{margin-top:8px}.elementor-widget-text-editor:not(.elementor-drop-cap-view-default) .elementor-drop-cap-letter{width:1em;height:1em}.elementor-widget-text-editor .elementor-drop-cap{float:left;text-align:center;line-height:1;font-size:50px}.elementor-widget-text-editor .elementor-drop-cap-letter{display:inline-block}<\/style>\t\t\t\t<h5 style=\"text-align: center;\"><strong>\u0130zmir Ofisimiz: Bayrakl\u0131 Tower<\/strong><br \/>Mansuro\u011flu Mah. Ankara Cad. No:81 D:29<br \/>Bayrakl\u0131, \u0130zmir &#8211; T\u00fcrkiye<\/h5>\t\t\t\t\t\t<\/div>\n\t\t\t\t<\/div>\n\t\t\t\t\t<\/div>\r\n\t\t\t<\/div>\r\n\t\t\t\t\t\t\t<div class=\" elementor-column elementor-col-50 elementor-top-column elementor-element elementor-element-cbdb9fb \" data-id=\"cbdb9fb\" data-element_type=\"column\">\r\n\r\n\t\t\t\r\n\t\t\t<div class=\"elementor-widget-wrap elementor-element-populated\">\r\n\t\t\t\t\t\t\t\t\r\n\t\t\t\t\t<div class=\"elementor-element elementor-element-18b42cd elementor-widget elementor-widget-image\" data-id=\"18b42cd\" data-element_type=\"widget\" data-widget_type=\"image.default\">\n\t\t\t\t<div class=\"elementor-widget-container\">\n\t\t\t\t\t\t\t\t\t\t\t\t\t\t\t<img decoding=\"async\" width=\"771\" height=\"566\" src=\"https:\/\/www.gemcons.com\/tr\/wp-content\/uploads\/2025\/12\/office2.jpg\" class=\"attachment-full size-full\" alt=\"\" srcset=\"https:\/\/www.gemcons.com\/tr\/wp-content\/uploads\/2025\/12\/office2.jpg 771w, https:\/\/www.gemcons.com\/tr\/wp-content\/uploads\/2025\/12\/office2-768x564.jpg 768w\" sizes=\"(max-width: 771px) 100vw, 771px\" \/>\t\t\t\t\t\t\t\t\t\t\t\t\t\t\t<\/div>\n\t\t\t\t<\/div>\n\t\t\t\t<div class=\"elementor-element elementor-element-437fc29 elementor-widget elementor-widget-text-editor\" data-id=\"437fc29\" data-element_type=\"widget\" data-widget_type=\"text-editor.default\">\n\t\t\t\t<div class=\"elementor-widget-container\">\n\t\t\t\t\t\t\t<h5 style=\"text-align: center;\"><strong>\u0130stanbul Ofisimiz: Nida Kule<\/strong><br \/>Kayaba\u015f\u0131 Mah. Kaya\u015fehir Bulvar\u0131, No:47 Kat:24 D:176 <br \/>Nidakule, Kaya\u015fehir, \u0130stanbul &#8211; T\u00fcrkiye<\/h5>\t\t\t\t\t\t<\/div>\n\t\t\t\t<\/div>\n\t\t\t\t\t<\/div>\r\n\t\t\t<\/div>\r\n\t\t\t\t\t\t\t<\/div>\r\n\t\t\t<\/section>\r\n\t\t\t\t\t<section class=\" elementor-section elementor-top-section elementor-element elementor-element-82dfc3e elementor-section-boxed elementor-section-height-default elementor-section-height-default\" style=\"background-color:#f4f4f4;\" data-lazy=\"https:\/\/d-themes.com\/wordpress\/udesign\/dummy\/wp-content\/uploads\/sites\/6\/2021\/09\/bg-1.jpg\" data-id=\"82dfc3e\" data-element_type=\"section\" data-settings=\"{&quot;background_background&quot;:&quot;classic&quot;}\">\r\n\t\t\t\t\t\t\t\t<div class=\"elementor-container elementor-column-gap-default\">\r\n\t\t\t\t\r\n\t\t\t\t\t\t\t<!-- Start .elementor-column -->\r\n\t\t\t<div class=\" elementor-column elementor-col-100 elementor-top-column elementor-element elementor-element-4e5df07 \" data-id=\"4e5df07\" data-element_type=\"column\">\r\n\t\t\t\t\t\t\t\t<!-- Start .elementor-column-wrap(optimize mode => .elementor-widget-wrap) -->\r\n\t\t\t\t<div class=\"elementor-widget-wrap elementor-element-populated\">\r\n\t\t\t\t\t\t\t\t\t\t\t\t\t<!-- Start .slider-container  -->\r\n\t\t\t\t\t<div class=\"w-100\">\r\n\t\t\t\t\t\t\t\t\t\t<!-- Start .slider-wrapper -->\r\n\t\t\t\t\t<div class=\" row cols-lg-5 cols-md-3 cols-sm-3 cols-2 cols-xl-5  gutter-lg slider-wrapper\" data-slider-options=\"{&quot;spaceBetween&quot;:30,&quot;slidesPerView&quot;:5,&quot;breakpoints&quot;:{&quot;992&quot;:{&quot;slidesPerView&quot;:5},&quot;768&quot;:{&quot;slidesPerView&quot;:3},&quot;576&quot;:{&quot;slidesPerView&quot;:3},&quot;0&quot;:{&quot;slidesPerView&quot;:2},&quot;1201&quot;:{&quot;slidesPerView&quot;:5}},&quot;statusClass&quot;:&quot;slider-dots-default&quot;}\">\r\n\t\t\t\t\t\t<div class=\"elementor-element elementor-element-619dd55 elementor-widget elementor-widget-udesign_widget_imagebox\" data-id=\"619dd55\" data-element_type=\"widget\" data-widget_type=\"udesign_widget_imagebox.default\">\n\t\t\t\t<div class=\"elementor-widget-container\">\n\t\t\t<div class=\"image-box position-top\"><figure><img decoding=\"async\" width=\"98\" height=\"97\" src=\"https:\/\/www.gemcons.com\/tr\/wp-content\/uploads\/2021\/08\/1.png\" class=\"attachment-full size-full\" alt=\"Icon Image\" \/><\/figure><div class=\"image-box-content\"><h3 class=\"title\">Sa\u011fl\u0131k<br>Yap\u0131lar\u0131<\/h3><\/div><\/div>\t\t<\/div>\n\t\t\t\t<\/div>\n\t\t\t\t<div class=\"elementor-element elementor-element-82f1915 elementor-widget elementor-widget-udesign_widget_imagebox\" data-id=\"82f1915\" data-element_type=\"widget\" data-widget_type=\"udesign_widget_imagebox.default\">\n\t\t\t\t<div class=\"elementor-widget-container\">\n\t\t\t<div class=\"image-box position-top\"><figure><img decoding=\"async\" width=\"54\" height=\"110\" src=\"https:\/\/www.gemcons.com\/tr\/wp-content\/uploads\/2021\/08\/2.png\" class=\"attachment-full size-full\" alt=\"Icon Image\" \/><\/figure><div class=\"image-box-content\"><h3 class=\"title\">End\u00fcstriyel<br>Yap\u0131lar<\/h3><\/div><\/div>\t\t<\/div>\n\t\t\t\t<\/div>\n\t\t\t\t<div class=\"elementor-element elementor-element-6f05c11 elementor-widget elementor-widget-udesign_widget_imagebox\" data-id=\"6f05c11\" data-element_type=\"widget\" data-widget_type=\"udesign_widget_imagebox.default\">\n\t\t\t\t<div class=\"elementor-widget-container\">\n\t\t\t<div class=\"image-box position-top\"><figure><img decoding=\"async\" width=\"98\" height=\"97\" src=\"https:\/\/www.gemcons.com\/tr\/wp-content\/uploads\/2025\/12\/ico-sm-3.png\" class=\"attachment-full size-full\" alt=\"\" \/><\/figure><div class=\"image-box-content\"><h3 class=\"title\">Ticari &Sosyal<br>Yap\u0131lar<\/h3><\/div><\/div>\t\t<\/div>\n\t\t\t\t<\/div>\n\t\t\t\t<div class=\"elementor-element elementor-element-6a05934 elementor-widget elementor-widget-udesign_widget_imagebox\" data-id=\"6a05934\" data-element_type=\"widget\" data-widget_type=\"udesign_widget_imagebox.default\">\n\t\t\t\t<div class=\"elementor-widget-container\">\n\t\t\t<div class=\"image-box position-top\"><figure><img decoding=\"async\" width=\"98\" height=\"97\" src=\"https:\/\/www.gemcons.com\/tr\/wp-content\/uploads\/2025\/12\/ico-sm-4x.png\" class=\"attachment-full size-full\" alt=\"\" \/><\/figure><div class=\"image-box-content\"><h3 class=\"title\">Nitelikli Konut<br>Yap\u0131lar\u0131<\/h3><\/div><\/div>\t\t<\/div>\n\t\t\t\t<\/div>\n\t\t\t\t<div class=\"elementor-element elementor-element-889cd74 elementor-widget elementor-widget-udesign_widget_imagebox\" data-id=\"889cd74\" data-element_type=\"widget\" data-widget_type=\"udesign_widget_imagebox.default\">\n\t\t\t\t<div class=\"elementor-widget-container\">\n\t\t\t<div class=\"image-box position-top\"><figure><img decoding=\"async\" width=\"98\" height=\"97\" src=\"https:\/\/www.gemcons.com\/tr\/wp-content\/uploads\/2025\/12\/ico-sm-5.png\" class=\"attachment-full size-full\" alt=\"\" \/><\/figure><div class=\"image-box-content\"><h3 class=\"title\">Al\u0131\u015fveri\u015f<br>Merkezleri<\/h3><\/div><\/div>\t\t<\/div>\n\t\t\t\t<\/div>\n\t\t\t\t\t\t\t<\/div><!-- End .slider-wrapper -->\r\n\t\t\t\t\t<\/div><!-- End .slider-container -->\r\n\t\t\t\t\t\r\n\t\t\t\t\t\t\t\t<\/div> <!-- End optimize => .elementor-widget-wrap -->\r\n\t\t\t\t<\/div>\r\n\t\t\t\t<!-- End .elementor-column -->\r\n\t\t\t\t\t\t\t\t<\/div>\r\n\t\t\t<\/section>\r\n\t\t\t\t\t<section class=\" elementor-section elementor-top-section elementor-element elementor-element-867c259 overflow-hidden elementor-section-boxed elementor-section-height-default elementor-section-height-default\" data-id=\"867c259\" data-element_type=\"section\" data-settings=\"{&quot;background_background&quot;:&quot;classic&quot;}\">\r\n\t\t\t\t\t\t\t\t<div class=\"elementor-container elementor-column-gap-default\">\r\n\t\t\t\t\r\n\t\t\t\t\t\t\t<div class=\" elementor-column elementor-col-100 elementor-top-column elementor-element elementor-element-800fe39 \" data-id=\"800fe39\" data-element_type=\"column\">\r\n\r\n\t\t\t\r\n\t\t\t<div class=\"elementor-widget-wrap elementor-element-populated\">\r\n\t\t\t\t\t\t\t\t\r\n\t\t\t\t\t<section class=\" elementor-section elementor-inner-section elementor-element elementor-element-ae517e2 elementor-section-boxed elementor-section-height-default elementor-section-height-default\" data-id=\"ae517e2\" data-element_type=\"section\">\r\n\t\t\t\t\t\t\t\t<div class=\"elementor-container elementor-column-gap-default\">\r\n\t\t\t\t\r\n\t\t\t\t\t\t\t<div class=\" elementor-column elementor-col-100 elementor-inner-column elementor-element elementor-element-e12d1ad \" data-id=\"e12d1ad\" data-element_type=\"column\">\r\n\r\n\t\t\t\r\n\t\t\t<div class=\"elementor-widget-wrap elementor-element-populated\">\r\n\t\t\t\t\t\t\t\t\r\n\t\t\t\t\t<div class=\"elementor-element elementor-element-71e966d cs_6-iconbox mb-10 elementor-invisible elementor-widget elementor-widget-udesign_widget_iconbox\" data-id=\"71e966d\" data-element_type=\"widget\" data-settings=\"{&quot;_animation&quot;:&quot;fadeInLeftShorter&quot;,&quot;_animation_delay&quot;:200}\" data-widget_type=\"udesign_widget_iconbox.default\">\n\t\t\t\t<div class=\"elementor-widget-container\">\n\t\t\t<div class=\"icon-box position-top icon-default\"><div class=\"icon-box-feature\"><i class=\"fas fa-medal\"><\/i><\/div><div class=\"icon-box-content\"><h3 class=\"icon-box-title\">G\u00fcven<\/h3><p class=\"icon-box-desc\">Do\u011fruluk ve d\u00fcr\u00fcstl\u00fck de\u011ferlerimizle t\u00fcm payda\u015flar\u0131m\u0131za g\u00fcven veririz.<\/p><\/div><\/div>\t\t<\/div>\n\t\t\t\t<\/div>\n\t\t\t\t<div class=\"elementor-element elementor-element-b16ee1a cs_6-iconbox mb-10 elementor-invisible elementor-widget elementor-widget-udesign_widget_iconbox\" data-id=\"b16ee1a\" data-element_type=\"widget\" data-settings=\"{&quot;_animation&quot;:&quot;fadeInLeftShorter&quot;,&quot;_animation_delay&quot;:300}\" data-widget_type=\"udesign_widget_iconbox.default\">\n\t\t\t\t<div class=\"elementor-widget-container\">\n\t\t\t<div class=\"icon-box position-top icon-default\"><div class=\"icon-box-feature\"><i class=\"far fa-eye\"><\/i><\/div><div class=\"icon-box-content\"><h3 class=\"icon-box-title\">Gizlilik<\/h3><p class=\"icon-box-desc\">M\u00fc\u015fterilerimizin, \u00e7al\u0131\u015fanlar\u0131m\u0131z\u0131n ve payda\u015flar\u0131m\u0131z\u0131n \u00f6zel bilgilerinin korunmas\u0131na \u00f6zen g\u00f6steririz.<\/p><\/div><\/div>\t\t<\/div>\n\t\t\t\t<\/div>\n\t\t\t\t<div class=\"elementor-element elementor-element-139f37a cs_6-iconbox mb-10 elementor-invisible elementor-widget elementor-widget-udesign_widget_iconbox\" data-id=\"139f37a\" data-element_type=\"widget\" data-settings=\"{&quot;_animation&quot;:&quot;fadeInLeftShorter&quot;,&quot;_animation_delay&quot;:400}\" data-widget_type=\"udesign_widget_iconbox.default\">\n\t\t\t\t<div class=\"elementor-widget-container\">\n\t\t\t<div class=\"icon-box position-top icon-default\"><div class=\"icon-box-feature\"><i class=\"fas fa-users\"><\/i><\/div><div class=\"icon-box-content\"><h3 class=\"icon-box-title\">\u00c7al\u0131\u015fanlara Kar\u015f\u0131 Sorumluluk<\/h3><p class=\"icon-box-desc\">G\u00fcvence, istihdam ve adil yakla\u015f\u0131mla \u00e7al\u0131\u015fanlar\u0131m\u0131z\u0131n geli\u015fimine katk\u0131 sa\u011flar\u0131z.<\/p><\/div><\/div>\t\t<\/div>\n\t\t\t\t<\/div>\n\t\t\t\t<div class=\"elementor-element elementor-element-3591012 cs_6-iconbox mb-10 elementor-invisible elementor-widget elementor-widget-udesign_widget_iconbox\" data-id=\"3591012\" data-element_type=\"widget\" data-settings=\"{&quot;_animation&quot;:&quot;fadeInRightShorter&quot;,&quot;_animation_delay&quot;:600}\" data-widget_type=\"udesign_widget_iconbox.default\">\n\t\t\t\t<div class=\"elementor-widget-container\">\n\t\t\t<div class=\"icon-box position-top icon-default\"><div class=\"icon-box-feature\"><i class=\"fas fa-recycle\"><\/i><\/div><div class=\"icon-box-content\"><h3 class=\"icon-box-title\">S\u00fcrekli \u0130yile\u015ftirme<\/h3><p class=\"icon-box-desc\">\u00c7evre ve toplum de\u011ferlerini s\u00fcrekli g\u00f6z \u00f6n\u00fcnde bulundurarak \u00fcr\u00fcn ve hizmetlerimizi s\u00fcrekli geli\u015ftiririz.<\/p><\/div><\/div>\t\t<\/div>\n\t\t\t\t<\/div>\n\t\t\t\t<div class=\"elementor-element elementor-element-d215b3e cs_6-iconbox mb-10 elementor-invisible elementor-widget elementor-widget-udesign_widget_iconbox\" data-id=\"d215b3e\" data-element_type=\"widget\" data-settings=\"{&quot;_animation&quot;:&quot;fadeInRightShorter&quot;,&quot;_animation_delay&quot;:500}\" data-widget_type=\"udesign_widget_iconbox.default\">\n\t\t\t\t<div class=\"elementor-widget-container\">\n\t\t\t<div class=\"icon-box position-top icon-default\"><div class=\"icon-box-feature\"><i class=\"fas fa-handshake\"><\/i><\/div><div class=\"icon-box-content\"><h3 class=\"icon-box-title\">Beklentileri Kar\u015f\u0131lama<\/h3><p class=\"icon-box-desc\">Tedarik\u00e7ilerimizin, \u00e7al\u0131\u015fanlar\u0131m\u0131z\u0131n, payda\u015flar\u0131n ihtiya\u00e7 ve beklentilerini Y\u00f6netim Sistemi s\u00fcre\u00e7leri ile uyumlu \u015fekilde kar\u015f\u0131lanmas\u0131n\u0131 sa\u011flar\u0131z.<\/p><\/div><\/div>\t\t<\/div>\n\t\t\t\t<\/div>\n\t\t\t\t<div class=\"elementor-element elementor-element-5ee42b7 cs_6-iconbox mb-10 elementor-invisible elementor-widget elementor-widget-udesign_widget_iconbox\" data-id=\"5ee42b7\" data-element_type=\"widget\" data-settings=\"{&quot;_animation&quot;:&quot;fadeInRightShorter&quot;,&quot;_animation_delay&quot;:400}\" data-widget_type=\"udesign_widget_iconbox.default\">\n\t\t\t\t<div class=\"elementor-widget-container\">\n\t\t\t<div class=\"icon-box position-top icon-default\"><div class=\"icon-box-feature\"><i class=\"far fa-chart-bar\"><\/i><\/div><div class=\"icon-box-content\"><h3 class=\"icon-box-title\">Risk Temelli Yakla\u015f\u0131m<\/h3><p class=\"icon-box-desc\">T\u00fcm faaliyetlerimizde etkile\u015fim i\u00e7inde olan hususlara risk temelli yakla\u015f\u0131mla, ama\u00e7lanan hedeflere ula\u015fmas\u0131n\u0131 g\u00fcvence alt\u0131na al\u0131r\u0131z.<\/p><\/div><\/div>\t\t<\/div>\n\t\t\t\t<\/div>\n\t\t\t\t\t<\/div>\r\n\t\t\t<\/div>\r\n\t\t\t\t\t\t\t<\/div>\r\n\t\t\t<\/section>\r\n\t\t\t\t\t\t<\/div>\r\n\t\t\t<\/div>\r\n\t\t\t\t\t\t\t<\/div>\r\n\t\t\t<\/section>\r\n\t\t\t\t\t\t\t\t<\/div>\n\t\t","protected":false},"excerpt":{"rendered":"<p>\u0130lk Bak\u0131\u015fta Gem \u0130lk Bak\u0131\u015fta Gem GEM A.\u015e., end\u00fcstriyel tesisler, \u201cb\u00fcy\u00fck \u00f6l\u00e7ekli\u201d ticari yap\u0131lar, al\u0131\u015fveri\u015f merkezleri, sa\u011fl\u0131k yap\u0131lar\u0131, turizm ve konaklama tesisleri, Ar-Ge ve veri merkezleri gibi \u00e7e\u015fitli alanlarda geni\u015f uzmanl\u0131\u011fa sahip bir taahh\u00fct firmas\u0131d\u0131r. GEM A.\u015e., sekt\u00f6rde yirmi y\u0131l\u0131 a\u015fk\u0131n deneyime sahip bir grup m\u00fchendis taraf\u0131ndan, &#8220;daha iyi m\u00fchendislik \u00e7\u00f6z\u00fcmleri sunmak&#8221; amac\u0131yla kurulmu\u015ftur. \u015eirketimiz [&hellip;]<\/p>\n","protected":false},"author":1,"featured_media":0,"parent":14,"menu_order":1,"comment_status":"closed","ping_status":"closed","template":"","meta":{"footnotes":""},"class_list":["post-1056","page","type-page","status-publish","hentry"],"_links":{"self":[{"href":"https:\/\/www.gemcons.com\/tr\/wp-json\/wp\/v2\/pages\/1056","targetHints":{"allow":["GET"]}}],"collection":[{"href":"https:\/\/www.gemcons.com\/tr\/wp-json\/wp\/v2\/pages"}],"about":[{"href":"https:\/\/www.gemcons.com\/tr\/wp-json\/wp\/v2\/types\/page"}],"author":[{"embeddable":true,"href":"https:\/\/www.gemcons.com\/tr\/wp-json\/wp\/v2\/users\/1"}],"replies":[{"embeddable":true,"href":"https:\/\/www.gemcons.com\/tr\/wp-json\/wp\/v2\/comments?post=1056"}],"version-history":[{"count":62,"href":"https:\/\/www.gemcons.com\/tr\/wp-json\/wp\/v2\/pages\/1056\/revisions"}],"predecessor-version":[{"id":3953,"href":"https:\/\/www.gemcons.com\/tr\/wp-json\/wp\/v2\/pages\/1056\/revisions\/3953"}],"up":[{"embeddable":true,"href":"https:\/\/www.gemcons.com\/tr\/wp-json\/wp\/v2\/pages\/14"}],"wp:attachment":[{"href":"https:\/\/www.gemcons.com\/tr\/wp-json\/wp\/v2\/media?parent=1056"}],"curies":[{"name":"wp","href":"https:\/\/api.w.org\/{rel}","templated":true}]}}