{"id":16,"date":"2021-07-19T19:24:39","date_gmt":"2021-07-19T19:24:39","guid":{"rendered":"https:\/\/d-themes.com\/wordpress\/udesign\/dummy\/build\/?page_id=16"},"modified":"2026-01-13T17:43:23","modified_gmt":"2026-01-13T14:43:23","slug":"hizmetlerimiz","status":"publish","type":"page","link":"https:\/\/www.gemcons.com\/tr\/hizmetlerimiz\/","title":{"rendered":"Hizmetlerimiz"},"content":{"rendered":"\t\t<div data-elementor-type=\"wp-page\" data-elementor-id=\"16\" class=\"elementor elementor-16\">\n\t\t\t\t\t\t\t\t\t<section class=\" elementor-section elementor-top-section elementor-element elementor-element-956b4cf elementor-section-boxed elementor-section-height-default elementor-section-height-default\" data-id=\"956b4cf\" data-element_type=\"section\">\r\n\t\t\t\t\t\t\t\t<div class=\"elementor-container elementor-column-gap-default\">\r\n\t\t\t\t\r\n\t\t\t\t\t\t\t<div class=\" elementor-column elementor-col-100 elementor-top-column elementor-element elementor-element-1903345 \" data-id=\"1903345\" data-element_type=\"column\">\r\n\r\n\t\t\t\r\n\t\t\t<div class=\"elementor-widget-wrap elementor-element-populated\">\r\n\t\t\t\t\t\t\t\t\r\n\t\t\t\t\t<div class=\"duplex-widget elementor-element elementor-element-8e02cb1 mb-8 elementor-invisible elementor-widget elementor-widget-heading\" data-id=\"8e02cb1\" data-element_type=\"widget\" data-settings=\"{&quot;_animation&quot;:&quot;fadeInUpShorter&quot;}\" data-widget_type=\"heading.default\">\n\t\t<div class=\"duplex-wrap duplex-wrap-8e02cb1 t-mc\">\r\n\t\t\t\t\t\t\t\t\t\t\t<span class=\"duplex duplex-text\">Hizmetlerimiz<\/span>\r\n\t\t\t\t\t\t\t\t\t\t<\/div>\t\t<div class=\"elementor-widget-container\">\n\t\t\t<style>\/*! elementor - v3.6.6 - 08-06-2022 *\/\n.elementor-heading-title{padding:0;margin:0;line-height:1}.elementor-widget-heading .elementor-heading-title[class*=elementor-size-]>a{color:inherit;font-size:inherit;line-height:inherit}.elementor-widget-heading .elementor-heading-title.elementor-size-small{font-size:15px}.elementor-widget-heading .elementor-heading-title.elementor-size-medium{font-size:19px}.elementor-widget-heading .elementor-heading-title.elementor-size-large{font-size:29px}.elementor-widget-heading .elementor-heading-title.elementor-size-xl{font-size:39px}.elementor-widget-heading .elementor-heading-title.elementor-size-xxl{font-size:59px}<\/style><h3 class=\"elementor-heading-title elementor-size-default\">Hizmetlerimiz<\/h3>\t\t<\/div>\n\t\t\t\t<\/div>\n\t\t\t\t<div class=\"elementor-element elementor-element-7dfa6b1 elementor-widget elementor-widget-text-editor\" data-id=\"7dfa6b1\" data-element_type=\"widget\" data-widget_type=\"text-editor.default\">\n\t\t\t\t<div class=\"elementor-widget-container\">\n\t\t\t<style>\/*! elementor - v3.6.6 - 08-06-2022 *\/\n.elementor-widget-text-editor.elementor-drop-cap-view-stacked .elementor-drop-cap{background-color:#818a91;color:#fff}.elementor-widget-text-editor.elementor-drop-cap-view-framed .elementor-drop-cap{color:#818a91;border:3px solid;background-color:transparent}.elementor-widget-text-editor:not(.elementor-drop-cap-view-default) .elementor-drop-cap{margin-top:8px}.elementor-widget-text-editor:not(.elementor-drop-cap-view-default) .elementor-drop-cap-letter{width:1em;height:1em}.elementor-widget-text-editor .elementor-drop-cap{float:left;text-align:center;line-height:1;font-size:50px}.elementor-widget-text-editor .elementor-drop-cap-letter{display:inline-block}<\/style>\t\t\t\t<p>GEM A.\u015e. olarak, in\u015faat projelerinizi ba\u015far\u0131ya ula\u015ft\u0131rmak i\u00e7in, b\u00fcnyemizde bar\u0131nd\u0131rd\u0131\u011f\u0131m\u0131z etkin deneyimli m\u00fchendis kadromuz ve g\u00fc\u00e7l\u00fc teknik haf\u0131zam\u0131z ile, kalite-b\u00fct\u00e7e-s\u00fcre \u00f6\u011felerinin tamamen yat\u0131r\u0131mc\u0131\/i\u015fveren kontrol\u00fc alt\u0131nda olmas\u0131n\u0131 sa\u011fl\u0131yoruz.<\/p><p>D\u00fcnyan\u0131n her konumunda hizmet sa\u011flayabilme kabiliyetimiz ile gurur duyuyoruz. Bu projelerden kazan\u0131mlar\u0131m\u0131z\u0131, hem k\u00fcresel hem de b\u00f6lgesel g\u00fcncel in\u015faat teknolojilerini, geni\u015f m\u00fchendislik k\u00fct\u00fcphanemize dahil ederek daha de\u011ferli hale getiriyoruz.<\/p><p>Y\u00fcksek ileti\u015fim kabiliyetimiz ile, daha iyi m\u00fchendisli\u011fi yat\u0131r\u0131mc\u0131n\u0131n kontrol\u00fcne sunarak, benzerini de\u011fil, yenisini ve i\u015fveren gereksinimlerine uygun olan\u0131 in\u015fa ediyoruz.<\/p>\t\t\t\t\t\t<\/div>\n\t\t\t\t<\/div>\n\t\t\t\t\t<\/div>\r\n\t\t\t<\/div>\r\n\t\t\t\t\t\t\t<\/div>\r\n\t\t\t<\/section>\r\n\t\t\t\t\t<section class=\" elementor-section elementor-top-section elementor-element elementor-element-ddcf80e elementor-section-boxed elementor-section-height-default elementor-section-height-default\" data-id=\"ddcf80e\" data-element_type=\"section\">\r\n\t\t\t\t\t\t\t\t<div class=\"elementor-container elementor-column-gap-default\">\r\n\t\t\t\t\r\n\t\t\t\t\t\t\t<div class=\" elementor-column elementor-col-100 elementor-top-column elementor-element elementor-element-b9f7c75 \" data-id=\"b9f7c75\" data-element_type=\"column\">\r\n\r\n\t\t\t\r\n\t\t\t<div class=\"elementor-widget-wrap elementor-element-populated\">\r\n\t\t\t\t\t\t\t\t\r\n\t\t\t\t\t<div class=\"elementor-element elementor-element-457e664 mb-8 elementor-invisible elementor-widget elementor-widget-heading\" data-id=\"457e664\" data-element_type=\"widget\" data-settings=\"{&quot;_animation&quot;:&quot;fadeInUpShorter&quot;}\" data-widget_type=\"heading.default\">\n\t\t\t\t<div class=\"elementor-widget-container\">\n\t\t\t<h4 class=\"elementor-heading-title elementor-size-default\">Tasar\u0131m & M\u00fchendislik Hizmetleri<\/h4>\t\t<\/div>\n\t\t\t\t<\/div>\n\t\t\t\t<div class=\"elementor-element elementor-element-f93fed4 elementor-widget elementor-widget-text-editor\" data-id=\"f93fed4\" data-element_type=\"widget\" data-widget_type=\"text-editor.default\">\n\t\t\t\t<div class=\"elementor-widget-container\">\n\t\t\t\t\t\t\t<p>D\u00fcnyan\u0131n ve \u00fclkemizin artan refah seviyesi neticesinde binalarda artan konfor beklentileri HVAC sekt\u00f6r\u00fcnde beklenmedik bir teknolojik at\u0131l\u0131ma yol a\u00e7m\u0131\u015ft\u0131r.<\/p><p>GEM A.\u015e. olarak bu \u00e7er\u00e7evede gerek ya\u015fam alanlar\u0131ndaki y\u00fcksek konfor standartlar\u0131 gerekse end\u00fcstriyel yap\u0131lardaki hassas iklimlendirme gerekliliklerini sa\u011flamak i\u00e7in \u00fcst\u00fcn m\u00fchendislik g\u00fcc\u00fcm\u00fcze g\u00fcvenmekteyiz.<\/p>\t\t\t\t\t\t<\/div>\n\t\t\t\t<\/div>\n\t\t\t\t\t<\/div>\r\n\t\t\t<\/div>\r\n\t\t\t\t\t\t\t<\/div>\r\n\t\t\t<\/section>\r\n\t\t\t\t\t<section class=\" elementor-section elementor-top-section elementor-element elementor-element-a7c9be9 elementor-section-boxed elementor-section-height-default elementor-section-height-default\" data-id=\"a7c9be9\" data-element_type=\"section\">\r\n\t\t\t\t\t\t\t\t<div class=\"elementor-container elementor-column-gap-default\">\r\n\t\t\t\t\r\n\t\t\t\t\t\t\t<div class=\" elementor-column elementor-col-100 elementor-top-column elementor-element elementor-element-1bb4758 \" data-id=\"1bb4758\" data-element_type=\"column\">\r\n\r\n\t\t\t\r\n\t\t\t<div class=\"elementor-widget-wrap elementor-element-populated\">\r\n\t\t\t\t\t\t\t\t\r\n\t\t\t\t\t<div class=\"elementor-element elementor-element-888a3b5 mb-8 elementor-invisible elementor-widget elementor-widget-heading\" data-id=\"888a3b5\" data-element_type=\"widget\" data-settings=\"{&quot;_animation&quot;:&quot;fadeInUpShorter&quot;}\" data-widget_type=\"heading.default\">\n\t\t\t\t<div class=\"elementor-widget-container\">\n\t\t\t<h4 class=\"elementor-heading-title elementor-size-default\">in\u015faat hizmetleri<\/h4>\t\t<\/div>\n\t\t\t\t<\/div>\n\t\t\t\t\t<\/div>\r\n\t\t\t<\/div>\r\n\t\t\t\t\t\t\t<\/div>\r\n\t\t\t<\/section>\r\n\t\t\t\t\t<section class=\" elementor-section elementor-top-section elementor-element elementor-element-b13ed62 elementor-section-boxed elementor-section-height-default elementor-section-height-default\" data-id=\"b13ed62\" data-element_type=\"section\">\r\n\t\t\t\t\t\t\t\t<div class=\"elementor-container elementor-column-gap-default\">\r\n\t\t\t\t\r\n\t\t\t\t\t\t\t<div class=\" elementor-column elementor-col-25 elementor-top-column elementor-element elementor-element-f131561 \" data-id=\"f131561\" data-element_type=\"column\">\r\n\r\n\t\t\t\r\n\t\t\t<div class=\"elementor-widget-wrap elementor-element-populated\">\r\n\t\t\t\t\t\t\t\t\r\n\t\t\t\t\t<div class=\"elementor-element elementor-element-77b7392 elementor-widget elementor-widget-text-editor\" data-id=\"77b7392\" data-element_type=\"widget\" data-widget_type=\"text-editor.default\">\n\t\t\t\t<div class=\"elementor-widget-container\">\n\t\t\t\t\t\t\t<ul><li><strong>Tasarla ve Yap \u0130n\u015faat S\u00f6zle\u015fmeleri<\/strong><\/li><\/ul>\t\t\t\t\t\t<\/div>\n\t\t\t\t<\/div>\n\t\t\t\t\t<\/div>\r\n\t\t\t<\/div>\r\n\t\t\t\t\t\t\t<div class=\" elementor-column elementor-col-25 elementor-top-column elementor-element elementor-element-cb7f011 \" data-id=\"cb7f011\" data-element_type=\"column\">\r\n\r\n\t\t\t\r\n\t\t\t<div class=\"elementor-widget-wrap elementor-element-populated\">\r\n\t\t\t\t\t\t\t\t\r\n\t\t\t\t\t<div class=\"elementor-element elementor-element-e36d51b elementor-widget elementor-widget-text-editor\" data-id=\"e36d51b\" data-element_type=\"widget\" data-widget_type=\"text-editor.default\">\n\t\t\t\t<div class=\"elementor-widget-container\">\n\t\t\t\t\t\t\t<ul><li><strong>Anahtar Teslim Taahh\u00fct S\u00f6zle\u015fmeleri<\/strong><\/li><\/ul>\t\t\t\t\t\t<\/div>\n\t\t\t\t<\/div>\n\t\t\t\t\t<\/div>\r\n\t\t\t<\/div>\r\n\t\t\t\t\t\t\t<div class=\" elementor-column elementor-col-25 elementor-top-column elementor-element elementor-element-6365d31 \" data-id=\"6365d31\" data-element_type=\"column\">\r\n\r\n\t\t\t\r\n\t\t\t<div class=\"elementor-widget-wrap elementor-element-populated\">\r\n\t\t\t\t\t\t\t\t\r\n\t\t\t\t\t<div class=\"elementor-element elementor-element-3c59077 elementor-widget elementor-widget-text-editor\" data-id=\"3c59077\" data-element_type=\"widget\" data-widget_type=\"text-editor.default\">\n\t\t\t\t<div class=\"elementor-widget-container\">\n\t\t\t\t\t\t\t<ul><li><strong>Disiplin S\u00f6zle\u015fmeleri<\/strong><\/li><\/ul>\t\t\t\t\t\t<\/div>\n\t\t\t\t<\/div>\n\t\t\t\t\t<\/div>\r\n\t\t\t<\/div>\r\n\t\t\t\t\t\t\t<div class=\" elementor-column elementor-col-25 elementor-top-column elementor-element elementor-element-0c32131 \" data-id=\"0c32131\" data-element_type=\"column\">\r\n\r\n\t\t\t\r\n\t\t\t<div class=\"elementor-widget-wrap elementor-element-populated\">\r\n\t\t\t\t\t\t\t\t\r\n\t\t\t\t\t<div class=\"elementor-element elementor-element-ab2cee3 elementor-widget elementor-widget-text-editor\" data-id=\"ab2cee3\" data-element_type=\"widget\" data-widget_type=\"text-editor.default\">\n\t\t\t\t<div class=\"elementor-widget-container\">\n\t\t\t\t\t\t\t<ul><li><strong>\u0130n\u015faat Y\u00f6netimi Hizmetleri<\/strong><\/li><\/ul>\t\t\t\t\t\t<\/div>\n\t\t\t\t<\/div>\n\t\t\t\t\t<\/div>\r\n\t\t\t<\/div>\r\n\t\t\t\t\t\t\t<\/div>\r\n\t\t\t<\/section>\r\n\t\t\t\t\t<section class=\" elementor-section elementor-top-section elementor-element elementor-element-f236673 elementor-section-boxed elementor-section-height-default elementor-section-height-default\" data-id=\"f236673\" data-element_type=\"section\">\r\n\t\t\t\t\t\t\t\t<div class=\"elementor-container elementor-column-gap-default\">\r\n\t\t\t\t\r\n\t\t\t\t\t\t\t<div class=\" elementor-column elementor-col-33 elementor-top-column elementor-element elementor-element-b70f399 \" data-id=\"b70f399\" data-element_type=\"column\">\r\n\r\n\t\t\t\r\n\t\t\t<div class=\"elementor-widget-wrap elementor-element-populated\">\r\n\t\t\t\t\t\t\t\t\r\n\t\t\t\t\t<div class=\"elementor-element elementor-element-cf4e6a6 elementor-widget elementor-widget-image\" data-id=\"cf4e6a6\" data-element_type=\"widget\" data-widget_type=\"image.default\">\n\t\t\t\t<div class=\"elementor-widget-container\">\n\t\t\t<style>\/*! elementor - v3.6.6 - 08-06-2022 *\/\n.elementor-widget-image{text-align:center}.elementor-widget-image a{display:inline-block}.elementor-widget-image a img[src$=\".svg\"]{width:48px}.elementor-widget-image img{vertical-align:middle;display:inline-block}<\/style>\t\t\t\t\t\t\t\t\t<figure class=\"wp-caption\">\n\t\t\t\t\t\t\t\t\t\t<img decoding=\"async\" width=\"780\" height=\"440\" src=\"https:\/\/www.gemcons.com\/tr\/wp-content\/uploads\/2025\/12\/news-2.png\" class=\"attachment-large size-large\" alt=\"\" srcset=\"https:\/\/www.gemcons.com\/tr\/wp-content\/uploads\/2025\/12\/news-2.png 780w, https:\/\/www.gemcons.com\/tr\/wp-content\/uploads\/2025\/12\/news-2-768x433.png 768w\" sizes=\"(max-width: 780px) 100vw, 780px\" \/>\t\t\t\t\t\t\t\t\t\t\t<figcaption class=\"widget-image-caption wp-caption-text\"><p class=\"text-center\"><b>ANAHTAR TESL\u0130M TAAHH\u00dcT S\u00d6ZLE\u015eMELER\u0130 <\/b><\/p><\/figcaption>\n\t\t\t\t\t\t\t\t\t\t<\/figure>\n\t\t\t\t\t\t\t\t\t<\/div>\n\t\t\t\t<\/div>\n\t\t\t\t\t<\/div>\r\n\t\t\t<\/div>\r\n\t\t\t\t\t\t\t<div class=\" elementor-column elementor-col-33 elementor-top-column elementor-element elementor-element-9573f9b \" data-id=\"9573f9b\" data-element_type=\"column\">\r\n\r\n\t\t\t\r\n\t\t\t<div class=\"elementor-widget-wrap elementor-element-populated\">\r\n\t\t\t\t\t\t\t\t\r\n\t\t\t\t\t<div class=\"elementor-element elementor-element-cfb3458 elementor-widget elementor-widget-image\" data-id=\"cfb3458\" data-element_type=\"widget\" data-widget_type=\"image.default\">\n\t\t\t\t<div class=\"elementor-widget-container\">\n\t\t\t\t\t\t\t\t\t\t\t\t<figure class=\"wp-caption\">\n\t\t\t\t\t\t\t\t\t\t<img decoding=\"async\" width=\"780\" height=\"440\" src=\"https:\/\/www.gemcons.com\/tr\/wp-content\/uploads\/2025\/12\/bmc.jpg\" class=\"attachment-large size-large\" alt=\"\" srcset=\"https:\/\/www.gemcons.com\/tr\/wp-content\/uploads\/2025\/12\/bmc.jpg 780w, https:\/\/www.gemcons.com\/tr\/wp-content\/uploads\/2025\/12\/bmc-768x433.jpg 768w\" sizes=\"(max-width: 780px) 100vw, 780px\" \/>\t\t\t\t\t\t\t\t\t\t\t<figcaption class=\"widget-image-caption wp-caption-text\"><p class=\"text-center\"><b>D\u0130S\u0130PL\u0130N S\u00d6ZLE\u015eMELER\u0130<\/b><\/p><\/figcaption>\n\t\t\t\t\t\t\t\t\t\t<\/figure>\n\t\t\t\t\t\t\t\t\t<\/div>\n\t\t\t\t<\/div>\n\t\t\t\t\t<\/div>\r\n\t\t\t<\/div>\r\n\t\t\t\t\t\t\t<div class=\" elementor-column elementor-col-33 elementor-top-column elementor-element elementor-element-c189ce1 \" data-id=\"c189ce1\" data-element_type=\"column\">\r\n\r\n\t\t\t\r\n\t\t\t<div class=\"elementor-widget-wrap elementor-element-populated\">\r\n\t\t\t\t\t\t\t\t\r\n\t\t\t\t\t<div class=\"elementor-element elementor-element-a97af19 elementor-widget elementor-widget-image\" data-id=\"a97af19\" data-element_type=\"widget\" data-widget_type=\"image.default\">\n\t\t\t\t<div class=\"elementor-widget-container\">\n\t\t\t\t\t\t\t\t\t\t\t\t<figure class=\"wp-caption\">\n\t\t\t\t\t\t\t\t\t\t<img decoding=\"async\" width=\"780\" height=\"440\" src=\"https:\/\/www.gemcons.com\/tr\/wp-content\/uploads\/2025\/12\/Wydham.jpg\" class=\"attachment-large size-large\" alt=\"\" srcset=\"https:\/\/www.gemcons.com\/tr\/wp-content\/uploads\/2025\/12\/Wydham.jpg 780w, https:\/\/www.gemcons.com\/tr\/wp-content\/uploads\/2025\/12\/Wydham-768x433.jpg 768w\" sizes=\"(max-width: 780px) 100vw, 780px\" \/>\t\t\t\t\t\t\t\t\t\t\t<figcaption class=\"widget-image-caption wp-caption-text\"><p class=\"text-center\"><b>TASARIM H\u0130ZMETLER\u0130<\/b><\/p><\/figcaption>\n\t\t\t\t\t\t\t\t\t\t<\/figure>\n\t\t\t\t\t\t\t\t\t<\/div>\n\t\t\t\t<\/div>\n\t\t\t\t\t<\/div>\r\n\t\t\t<\/div>\r\n\t\t\t\t\t\t\t<\/div>\r\n\t\t\t<\/section>\r\n\t\t\t\t\t<section class=\" elementor-section elementor-top-section elementor-element elementor-element-59b30ec elementor-section-boxed elementor-section-height-default elementor-section-height-default\" data-id=\"59b30ec\" data-element_type=\"section\">\r\n\t\t\t\t\t\t\t\t<div class=\"elementor-container elementor-column-gap-default\">\r\n\t\t\t\t\r\n\t\t\t\t\t\t\t<div class=\" elementor-column elementor-col-33 elementor-top-column elementor-element elementor-element-2b63c84 \" data-id=\"2b63c84\" data-element_type=\"column\">\r\n\r\n\t\t\t\r\n\t\t\t<div class=\"elementor-widget-wrap elementor-element-populated\">\r\n\t\t\t\t\t\t\t\t\r\n\t\t\t\t\t<div class=\"elementor-element elementor-element-a65cc7a elementor-widget elementor-widget-image\" data-id=\"a65cc7a\" data-element_type=\"widget\" data-widget_type=\"image.default\">\n\t\t\t\t<div class=\"elementor-widget-container\">\n\t\t\t\t\t\t\t\t\t\t\t\t<figure class=\"wp-caption\">\n\t\t\t\t\t\t\t\t\t\t<img decoding=\"async\" width=\"780\" height=\"440\" src=\"https:\/\/www.gemcons.com\/tr\/wp-content\/uploads\/2025\/12\/thy-genel-merkez.jpg\" class=\"attachment-large size-large\" alt=\"\" srcset=\"https:\/\/www.gemcons.com\/tr\/wp-content\/uploads\/2025\/12\/thy-genel-merkez.jpg 780w, https:\/\/www.gemcons.com\/tr\/wp-content\/uploads\/2025\/12\/thy-genel-merkez-768x433.jpg 768w\" sizes=\"(max-width: 780px) 100vw, 780px\" \/>\t\t\t\t\t\t\t\t\t\t\t<figcaption class=\"widget-image-caption wp-caption-text\"><p class=\"text-center\"><b>DANI\u015eMANLIK, TESP\u0130T &amp; ANAL\u0130Z H\u0130ZMETLER\u0130<\/b><\/p><\/figcaption>\n\t\t\t\t\t\t\t\t\t\t<\/figure>\n\t\t\t\t\t\t\t\t\t<\/div>\n\t\t\t\t<\/div>\n\t\t\t\t\t<\/div>\r\n\t\t\t<\/div>\r\n\t\t\t\t\t\t\t<div class=\" elementor-column elementor-col-33 elementor-top-column elementor-element elementor-element-d22abcb \" data-id=\"d22abcb\" data-element_type=\"column\">\r\n\r\n\t\t\t\r\n\t\t\t<div class=\"elementor-widget-wrap elementor-element-populated\">\r\n\t\t\t\t\t\t\t\t\r\n\t\t\t\t\t<div class=\"elementor-element elementor-element-e706712 elementor-widget elementor-widget-image\" data-id=\"e706712\" data-element_type=\"widget\" data-widget_type=\"image.default\">\n\t\t\t\t<div class=\"elementor-widget-container\">\n\t\t\t\t\t\t\t\t\t\t\t\t<figure class=\"wp-caption\">\n\t\t\t\t\t\t\t\t\t\t<img decoding=\"async\" width=\"780\" height=\"440\" src=\"https:\/\/www.gemcons.com\/tr\/wp-content\/uploads\/2025\/12\/nordex.jpg\" class=\"attachment-large size-large\" alt=\"\" srcset=\"https:\/\/www.gemcons.com\/tr\/wp-content\/uploads\/2025\/12\/nordex.jpg 780w, https:\/\/www.gemcons.com\/tr\/wp-content\/uploads\/2025\/12\/nordex-768x433.jpg 768w\" sizes=\"(max-width: 780px) 100vw, 780px\" \/>\t\t\t\t\t\t\t\t\t\t\t<figcaption class=\"widget-image-caption wp-caption-text\"><p class=\"text-center\"><b>TASARLA &amp; YAP \u0130N\u015eAAT S\u00d6ZLE\u015eMELER\u0130<\/b><\/p><\/figcaption>\n\t\t\t\t\t\t\t\t\t\t<\/figure>\n\t\t\t\t\t\t\t\t\t<\/div>\n\t\t\t\t<\/div>\n\t\t\t\t\t<\/div>\r\n\t\t\t<\/div>\r\n\t\t\t\t\t\t\t<div class=\" elementor-column elementor-col-33 elementor-top-column elementor-element elementor-element-83ec914 \" data-id=\"83ec914\" data-element_type=\"column\">\r\n\r\n\t\t\t\r\n\t\t\t<div class=\"elementor-widget-wrap elementor-element-populated\">\r\n\t\t\t\t\t\t\t\t\r\n\t\t\t\t\t<div class=\"elementor-element elementor-element-3f42931 elementor-widget elementor-widget-image\" data-id=\"3f42931\" data-element_type=\"widget\" data-widget_type=\"image.default\">\n\t\t\t\t<div class=\"elementor-widget-container\">\n\t\t\t\t\t\t\t\t\t\t\t\t<figure class=\"wp-caption\">\n\t\t\t\t\t\t\t\t\t\t<img decoding=\"async\" width=\"780\" height=\"440\" src=\"https:\/\/www.gemcons.com\/tr\/wp-content\/uploads\/2025\/12\/insy.jpg\" class=\"attachment-large size-large\" alt=\"\" srcset=\"https:\/\/www.gemcons.com\/tr\/wp-content\/uploads\/2025\/12\/insy.jpg 780w, https:\/\/www.gemcons.com\/tr\/wp-content\/uploads\/2025\/12\/insy-768x433.jpg 768w\" sizes=\"(max-width: 780px) 100vw, 780px\" \/>\t\t\t\t\t\t\t\t\t\t\t<figcaption class=\"widget-image-caption wp-caption-text\"><p class=\"text-center\"><b>\u0130N\u015eAAT Y\u00d6NET\u0130M\u0130 H\u0130ZMETLER\u0130<\/b><\/p><\/figcaption>\n\t\t\t\t\t\t\t\t\t\t<\/figure>\n\t\t\t\t\t\t\t\t\t<\/div>\n\t\t\t\t<\/div>\n\t\t\t\t\t<\/div>\r\n\t\t\t<\/div>\r\n\t\t\t\t\t\t\t<\/div>\r\n\t\t\t<\/section>\r\n\t\t\t\t\t<section class=\" elementor-section elementor-top-section elementor-element elementor-element-91940af elementor-section-boxed elementor-section-height-default elementor-section-height-default\" data-id=\"91940af\" data-element_type=\"section\">\r\n\t\t\t\t\t\t\t\t<div class=\"elementor-container elementor-column-gap-default\">\r\n\t\t\t\t\r\n\t\t\t\t\t\t\t<div class=\" elementor-column elementor-col-33 elementor-top-column elementor-element elementor-element-6f1c33e \" data-id=\"6f1c33e\" data-element_type=\"column\">\r\n\r\n\t\t\t\r\n\t\t\t<div class=\"elementor-widget-wrap elementor-element-populated\">\r\n\t\t\t\t\t\t\t\t\r\n\t\t\t\t\t<div class=\"elementor-element elementor-element-8a700e6 elementor-widget elementor-widget-image\" data-id=\"8a700e6\" data-element_type=\"widget\" data-widget_type=\"image.default\">\n\t\t\t\t<div class=\"elementor-widget-container\">\n\t\t\t\t\t\t\t\t\t\t\t\t<figure class=\"wp-caption\">\n\t\t\t\t\t\t\t\t\t\t<img decoding=\"async\" width=\"780\" height=\"440\" src=\"https:\/\/www.gemcons.com\/tr\/wp-content\/uploads\/2025\/12\/uzo.jpg\" class=\"attachment-large size-large\" alt=\"\" srcset=\"https:\/\/www.gemcons.com\/tr\/wp-content\/uploads\/2025\/12\/uzo.jpg 780w, https:\/\/www.gemcons.com\/tr\/wp-content\/uploads\/2025\/12\/uzo-768x433.jpg 768w\" sizes=\"(max-width: 780px) 100vw, 780px\" \/>\t\t\t\t\t\t\t\t\t\t\t<figcaption class=\"widget-image-caption wp-caption-text\"><p class=\"text-center\"><b>B\u00dcT\u00c7ELEME H\u0130ZMETLER\u0130<\/b><\/p><\/figcaption>\n\t\t\t\t\t\t\t\t\t\t<\/figure>\n\t\t\t\t\t\t\t\t\t<\/div>\n\t\t\t\t<\/div>\n\t\t\t\t\t<\/div>\r\n\t\t\t<\/div>\r\n\t\t\t\t\t\t\t<div class=\" elementor-column elementor-col-33 elementor-top-column elementor-element elementor-element-c0cec8c \" data-id=\"c0cec8c\" data-element_type=\"column\">\r\n\r\n\t\t\t\r\n\t\t\t<div class=\"elementor-widget-wrap elementor-element-populated\">\r\n\t\t\t\t\t\t\t\t\r\n\t\t\t\t\t<div class=\"elementor-element elementor-element-f4611d0 elementor-widget elementor-widget-image\" data-id=\"f4611d0\" data-element_type=\"widget\" data-widget_type=\"image.default\">\n\t\t\t\t<div class=\"elementor-widget-container\">\n\t\t\t\t\t\t\t\t\t\t\t\t<figure class=\"wp-caption\">\n\t\t\t\t\t\t\t\t\t\t<img decoding=\"async\" width=\"780\" height=\"440\" src=\"https:\/\/www.gemcons.com\/tr\/wp-content\/uploads\/2025\/12\/deger-muh.jpg\" class=\"attachment-large size-large\" alt=\"\" srcset=\"https:\/\/www.gemcons.com\/tr\/wp-content\/uploads\/2025\/12\/deger-muh.jpg 780w, https:\/\/www.gemcons.com\/tr\/wp-content\/uploads\/2025\/12\/deger-muh-768x433.jpg 768w\" sizes=\"(max-width: 780px) 100vw, 780px\" \/>\t\t\t\t\t\t\t\t\t\t\t<figcaption class=\"widget-image-caption wp-caption-text\"><p class=\"text-center\"><b>DE\u011eER M\u00dcHEND\u0130SL\u0130\u011e\u0130 H\u0130ZMETLER\u0130<\/b><\/p><\/figcaption>\n\t\t\t\t\t\t\t\t\t\t<\/figure>\n\t\t\t\t\t\t\t\t\t<\/div>\n\t\t\t\t<\/div>\n\t\t\t\t\t<\/div>\r\n\t\t\t<\/div>\r\n\t\t\t\t\t\t\t<div class=\" elementor-column elementor-col-33 elementor-top-column elementor-element elementor-element-7f1b70e \" data-id=\"7f1b70e\" data-element_type=\"column\">\r\n\r\n\t\t\t\r\n\t\t\t<div class=\"elementor-widget-wrap elementor-element-populated\">\r\n\t\t\t\t\t\t\t\t\r\n\t\t\t\t\t<div class=\"elementor-element elementor-element-a9c23d9 elementor-widget elementor-widget-image\" data-id=\"a9c23d9\" data-element_type=\"widget\" data-widget_type=\"image.default\">\n\t\t\t\t<div class=\"elementor-widget-container\">\n\t\t\t\t\t\t\t\t\t\t\t\t<figure class=\"wp-caption\">\n\t\t\t\t\t\t\t\t\t\t<img decoding=\"async\" width=\"780\" height=\"440\" src=\"https:\/\/www.gemcons.com\/tr\/wp-content\/uploads\/2025\/12\/fizibilite.jpg\" class=\"attachment-large size-large\" alt=\"\" srcset=\"https:\/\/www.gemcons.com\/tr\/wp-content\/uploads\/2025\/12\/fizibilite.jpg 780w, https:\/\/www.gemcons.com\/tr\/wp-content\/uploads\/2025\/12\/fizibilite-768x433.jpg 768w\" sizes=\"(max-width: 780px) 100vw, 780px\" \/>\t\t\t\t\t\t\t\t\t\t\t<figcaption class=\"widget-image-caption wp-caption-text\"><p class=\"text-center\"><b>F\u0130Z\u0130B\u0130L\u0130TE H\u0130ZMETLER\u0130<\/b><\/p><\/figcaption>\n\t\t\t\t\t\t\t\t\t\t<\/figure>\n\t\t\t\t\t\t\t\t\t<\/div>\n\t\t\t\t<\/div>\n\t\t\t\t\t<\/div>\r\n\t\t\t<\/div>\r\n\t\t\t\t\t\t\t<\/div>\r\n\t\t\t<\/section>\r\n\t\t\t\t\t\t\t\t<\/div>\n\t\t","protected":false},"excerpt":{"rendered":"<p>Hizmetlerimiz Hizmetlerimiz GEM A.\u015e. olarak, in\u015faat projelerinizi ba\u015far\u0131ya ula\u015ft\u0131rmak i\u00e7in, b\u00fcnyemizde bar\u0131nd\u0131rd\u0131\u011f\u0131m\u0131z etkin deneyimli m\u00fchendis kadromuz ve g\u00fc\u00e7l\u00fc teknik haf\u0131zam\u0131z ile, kalite-b\u00fct\u00e7e-s\u00fcre \u00f6\u011felerinin tamamen yat\u0131r\u0131mc\u0131\/i\u015fveren kontrol\u00fc alt\u0131nda olmas\u0131n\u0131 sa\u011fl\u0131yoruz. D\u00fcnyan\u0131n her konumunda hizmet sa\u011flayabilme kabiliyetimiz ile gurur duyuyoruz. Bu projelerden kazan\u0131mlar\u0131m\u0131z\u0131, hem k\u00fcresel hem de b\u00f6lgesel g\u00fcncel in\u015faat teknolojilerini, geni\u015f m\u00fchendislik k\u00fct\u00fcphanemize dahil ederek daha [&hellip;]<\/p>\n","protected":false},"author":1,"featured_media":0,"parent":0,"menu_order":3,"comment_status":"closed","ping_status":"closed","template":"","meta":{"footnotes":""},"class_list":["post-16","page","type-page","status-publish","hentry"],"_links":{"self":[{"href":"https:\/\/www.gemcons.com\/tr\/wp-json\/wp\/v2\/pages\/16","targetHints":{"allow":["GET"]}}],"collection":[{"href":"https:\/\/www.gemcons.com\/tr\/wp-json\/wp\/v2\/pages"}],"about":[{"href":"https:\/\/www.gemcons.com\/tr\/wp-json\/wp\/v2\/types\/page"}],"author":[{"embeddable":true,"href":"https:\/\/www.gemcons.com\/tr\/wp-json\/wp\/v2\/users\/1"}],"replies":[{"embeddable":true,"href":"https:\/\/www.gemcons.com\/tr\/wp-json\/wp\/v2\/comments?post=16"}],"version-history":[{"count":160,"href":"https:\/\/www.gemcons.com\/tr\/wp-json\/wp\/v2\/pages\/16\/revisions"}],"predecessor-version":[{"id":4176,"href":"https:\/\/www.gemcons.com\/tr\/wp-json\/wp\/v2\/pages\/16\/revisions\/4176"}],"wp:attachment":[{"href":"https:\/\/www.gemcons.com\/tr\/wp-json\/wp\/v2\/media?parent=16"}],"curies":[{"name":"wp","href":"https:\/\/api.w.org\/{rel}","templated":true}]}}