{"id":3219,"date":"2022-07-03T19:32:41","date_gmt":"2022-07-03T19:32:41","guid":{"rendered":"https:\/\/www.gemcons.com\/tr\/?page_id=3219"},"modified":"2025-12-09T22:33:31","modified_gmt":"2025-12-09T19:33:31","slug":"misyonumuz-vizyonumuz","status":"publish","type":"page","link":"https:\/\/www.gemcons.com\/tr\/kurumsal\/misyonumuz-vizyonumuz\/","title":{"rendered":"Misyonumuz &#038; Vizyonumuz"},"content":{"rendered":"\t\t<div data-elementor-type=\"wp-page\" data-elementor-id=\"3219\" class=\"elementor elementor-3219\">\n\t\t\t\t\t\t\t\t\t<div class=\" elementor-section elementor-top-section elementor-element elementor-element-e649f80 elementor-section-content-middle pt-1 elementor-section-stretched elementor-section-boxed elementor-section-height-default elementor-section-height-default\" style=\"background-color:#f4f4f4;\" data-lazy=\"https:\/\/www.gemcons.com\/tr\/wp-content\/uploads\/2022\/07\/long-misyon-vizyon.jpg\" data-id=\"e649f80\" data-element_type=\"section\" data-settings=\"{&quot;stretch_section&quot;:&quot;section-stretched&quot;,&quot;background_background&quot;:&quot;classic&quot;}\">\r\n\t\t\t\t\t\t\t\t<div class=\"elementor-container elementor-column-gap-default\">\r\n\t\t\t\t\r\n\t\t\t\t\t\t\t<div class=\" elementor-column elementor-col-50 elementor-top-column elementor-element elementor-element-3da41f81 mb-lg-9 mb-10 pb-lg-0 pb-3 elementor-invisible \" data-id=\"3da41f81\" data-element_type=\"column\" data-settings=\"{&quot;animation&quot;:&quot;fadeIn&quot;,&quot;background_background&quot;:&quot;gradient&quot;}\">\r\n\r\n\t\t\t\r\n\t\t\t<div class=\"elementor-widget-wrap elementor-element-populated\">\r\n\t\t\t\t\t\t\t\t\t<div class=\"elementor-background-overlay\"><\/div>\r\n\t\t\t\t\t\t\t\t\r\n\t\t\t\t\t<div class=\"elementor-element elementor-element-c95473e mb-5 elementor-widget elementor-widget-heading\" data-id=\"c95473e\" data-element_type=\"widget\" data-widget_type=\"heading.default\">\n\t\t\t\t<div class=\"elementor-widget-container\">\n\t\t\t<style>\/*! elementor - v3.6.6 - 08-06-2022 *\/\n.elementor-heading-title{padding:0;margin:0;line-height:1}.elementor-widget-heading .elementor-heading-title[class*=elementor-size-]>a{color:inherit;font-size:inherit;line-height:inherit}.elementor-widget-heading .elementor-heading-title.elementor-size-small{font-size:15px}.elementor-widget-heading .elementor-heading-title.elementor-size-medium{font-size:19px}.elementor-widget-heading .elementor-heading-title.elementor-size-large{font-size:29px}.elementor-widget-heading .elementor-heading-title.elementor-size-xl{font-size:39px}.elementor-widget-heading .elementor-heading-title.elementor-size-xxl{font-size:59px}<\/style><h4 class=\"elementor-heading-title elementor-size-default\"><b>Misyonumuz<\/b><\/h4>\t\t<\/div>\n\t\t\t\t<\/div>\n\t\t\t\t<div class=\"elementor-element elementor-element-7a09d05 yokmok elementor-icon-list--layout-traditional elementor-widget elementor-widget-udesign_widget_iconlist\" data-id=\"7a09d05\" data-element_type=\"widget\" data-widget_type=\"udesign_widget_iconlist.default\">\n\t\t\t\t<div class=\"elementor-widget-container\">\n\t\t\t<ul class=\"elementor-icon-list-items\">\r\n\t\t\t<li class=\"elementor-icon-list-item\">\r\n\t\t\t\t\t\t\t<span class=\"elementor-icon-list-icon\">\r\n\t\t\t\t<i aria-hidden=\"true\" class=\"fas fa-check\"><\/i>\t\t\t\t<\/span>\r\n\t\t\t\t\t\t<span class=\"elementor-icon-list-text\">\u00dcstlendi\u011fimiz projeleri belirtilen s\u00fcrede, taahh\u00fct edilen kalitede, hedeflenen b\u00fct\u00e7eye uygun olarak, yenilik\u00e7i ve verimli \u015fekilde tamamlamak.<\/span>\r\n\t\t\t\t\t<\/li>\r\n\t\t\t\t<li class=\"elementor-icon-list-item\">\r\n\t\t\t\t\t\t\t<span class=\"elementor-icon-list-icon\">\r\n\t\t\t\t<i aria-hidden=\"true\" class=\"fas fa-check\"><\/i>\t\t\t\t<\/span>\r\n\t\t\t\t\t\t<span class=\"elementor-icon-list-text\">\u00c7al\u0131\u015fanlar\u0131na ve i\u015f ortaklar\u0131na, s\u00fcrekli yeni e\u011fitim ve \u00f6\u011fretim olanaklar\u0131 sa\u011flayarak, tam potansiyellerine ula\u015fmalar\u0131 konusunda \u00f6nc\u00fc olmak.<\/span>\r\n\t\t\t\t\t<\/li>\r\n\t\t\t\t<li class=\"elementor-icon-list-item\">\r\n\t\t\t\t\t\t\t<span class=\"elementor-icon-list-icon\">\r\n\t\t\t\t<i aria-hidden=\"true\" class=\"fas fa-check\"><\/i>\t\t\t\t<\/span>\r\n\t\t\t\t\t\t<span class=\"elementor-icon-list-text\">Deneyimlerimizden gelen bilgi ve tecr\u00fcbeleri \u00e7\u00f6z\u00fcmleyerek i\u015flemek ve anlayarak daha iyiye uyum sa\u011flamak.<\/span>\r\n\t\t\t\t\t<\/li>\r\n\t\t<\/ul>\r\n\t\t<\/div>\n\t\t\t\t<\/div>\n\t\t\t\t<div class=\"elementor-element elementor-element-3860831e mb-5 elementor-widget elementor-widget-heading\" data-id=\"3860831e\" data-element_type=\"widget\" data-widget_type=\"heading.default\">\n\t\t\t\t<div class=\"elementor-widget-container\">\n\t\t\t<h4 class=\"elementor-heading-title elementor-size-default\"><b>Vizyonumuz<\/b><\/h4>\t\t<\/div>\n\t\t\t\t<\/div>\n\t\t\t\t<div class=\"elementor-element elementor-element-4eb99e1 yokmok elementor-icon-list--layout-traditional elementor-widget elementor-widget-udesign_widget_iconlist\" data-id=\"4eb99e1\" data-element_type=\"widget\" data-widget_type=\"udesign_widget_iconlist.default\">\n\t\t\t\t<div class=\"elementor-widget-container\">\n\t\t\t<ul class=\"elementor-icon-list-items\">\r\n\t\t\t<li class=\"elementor-icon-list-item\">\r\n\t\t\t\t\t\t\t<span class=\"elementor-icon-list-icon\">\r\n\t\t\t\t<i aria-hidden=\"true\" class=\"fas fa-check\"><\/i>\t\t\t\t<\/span>\r\n\t\t\t\t\t\t<span class=\"elementor-icon-list-text\">T\u00fcrkiye'de ve k\u00fcresel pazarda, kurumumuza \u00f6zg\u00fc duru\u015fumuz ile kaliteli hizmetler sunmak, \u00f6nemli ve yenilik\u00e7i projelere imza atmak.<\/span>\r\n\t\t\t\t\t<\/li>\r\n\t\t\t\t<li class=\"elementor-icon-list-item\">\r\n\t\t\t\t\t\t\t<span class=\"elementor-icon-list-icon\">\r\n\t\t\t\t<i aria-hidden=\"true\" class=\"fas fa-check\"><\/i>\t\t\t\t<\/span>\r\n\t\t\t\t\t\t<span class=\"elementor-icon-list-text\">Faaliyetlerini daha da geni\u015fletmek ve k\u00fcresel pazarda \u201cm\u00fchendislik alan\u0131nda \u00f6nc\u00fc\u201d bir taahh\u00fct \u015firketi olmak.<\/span>\r\n\t\t\t\t\t<\/li>\r\n\t\t\t\t<li class=\"elementor-icon-list-item\">\r\n\t\t\t\t\t\t\t<span class=\"elementor-icon-list-icon\">\r\n\t\t\t\t<i aria-hidden=\"true\" class=\"fas fa-check\"><\/i>\t\t\t\t<\/span>\r\n\t\t\t\t\t\t<span class=\"elementor-icon-list-text\">Her f\u0131rsatta kendini s\u00fcrekli daha iyiye adapte eden bir i\u015fletme olmak.<\/span>\r\n\t\t\t\t\t<\/li>\r\n\t\t<\/ul>\r\n\t\t<\/div>\n\t\t\t\t<\/div>\n\t\t\t\t\t<\/div>\r\n\t\t\t<\/div>\r\n\t\t\t\t\t\t\t<div class=\" elementor-column elementor-col-50 elementor-top-column elementor-element elementor-element-206dab8 mb-lg-9 mb-10 pb-lg-0 pb-3 elementor-hidden-tablet elementor-hidden-mobile elementor-invisible \" data-id=\"206dab8\" data-element_type=\"column\" data-settings=\"{&quot;animation&quot;:&quot;fadeIn&quot;,&quot;background_background&quot;:&quot;slideshow&quot;,&quot;background_slideshow_gallery&quot;:[],&quot;background_slideshow_loop&quot;:&quot;yes&quot;,&quot;background_slideshow_slide_duration&quot;:5000,&quot;background_slideshow_slide_transition&quot;:&quot;fade&quot;,&quot;background_slideshow_transition_duration&quot;:500}\">\r\n\r\n\t\t\t\r\n\t\t\t<div class=\"elementor-widget-wrap\">\r\n\t\t\t\t\t\t\t\t\r\n\t\t\t\t\t\t<\/div>\r\n\t\t\t<\/div>\r\n\t\t\t\t\t\t\t<\/div>\r\n\t\t\t<\/div>\r\n\t\t\t\t\t\t\t\t<\/div>\n\t\t","protected":false},"excerpt":{"rendered":"<p>Misyonumuz \u00dcstlendi\u011fimiz projeleri belirtilen s\u00fcrede, taahh\u00fct edilen kalitede, hedeflenen b\u00fct\u00e7eye uygun olarak, yenilik\u00e7i ve verimli \u015fekilde tamamlamak. \u00c7al\u0131\u015fanlar\u0131na ve i\u015f ortaklar\u0131na, s\u00fcrekli yeni e\u011fitim ve \u00f6\u011fretim olanaklar\u0131 sa\u011flayarak, tam potansiyellerine ula\u015fmalar\u0131 konusunda \u00f6nc\u00fc olmak. Deneyimlerimizden gelen bilgi ve tecr\u00fcbeleri \u00e7\u00f6z\u00fcmleyerek i\u015flemek ve anlayarak daha iyiye uyum sa\u011flamak. Vizyonumuz T\u00fcrkiye&#8217;de ve k\u00fcresel pazarda, kurumumuza \u00f6zg\u00fc duru\u015fumuz [&hellip;]<\/p>\n","protected":false},"author":1,"featured_media":0,"parent":14,"menu_order":2,"comment_status":"closed","ping_status":"closed","template":"","meta":{"footnotes":""},"class_list":["post-3219","page","type-page","status-publish","hentry"],"_links":{"self":[{"href":"https:\/\/www.gemcons.com\/tr\/wp-json\/wp\/v2\/pages\/3219","targetHints":{"allow":["GET"]}}],"collection":[{"href":"https:\/\/www.gemcons.com\/tr\/wp-json\/wp\/v2\/pages"}],"about":[{"href":"https:\/\/www.gemcons.com\/tr\/wp-json\/wp\/v2\/types\/page"}],"author":[{"embeddable":true,"href":"https:\/\/www.gemcons.com\/tr\/wp-json\/wp\/v2\/users\/1"}],"replies":[{"embeddable":true,"href":"https:\/\/www.gemcons.com\/tr\/wp-json\/wp\/v2\/comments?post=3219"}],"version-history":[{"count":83,"href":"https:\/\/www.gemcons.com\/tr\/wp-json\/wp\/v2\/pages\/3219\/revisions"}],"predecessor-version":[{"id":3892,"href":"https:\/\/www.gemcons.com\/tr\/wp-json\/wp\/v2\/pages\/3219\/revisions\/3892"}],"up":[{"embeddable":true,"href":"https:\/\/www.gemcons.com\/tr\/wp-json\/wp\/v2\/pages\/14"}],"wp:attachment":[{"href":"https:\/\/www.gemcons.com\/tr\/wp-json\/wp\/v2\/media?parent=3219"}],"curies":[{"name":"wp","href":"https:\/\/api.w.org\/{rel}","templated":true}]}}