{"id":3302,"date":"2022-07-03T20:57:44","date_gmt":"2022-07-03T20:57:44","guid":{"rendered":"https:\/\/www.gemcons.com\/tr\/?page_id=3302"},"modified":"2025-12-09T22:39:46","modified_gmt":"2025-12-09T19:39:46","slug":"is-sagligi-guvenligi","status":"publish","type":"page","link":"https:\/\/www.gemcons.com\/tr\/kurumsal\/is-sagligi-guvenligi\/","title":{"rendered":"\u0130\u015f Sa\u011fl\u0131\u011f\u0131 G\u00fcvenli\u011fi"},"content":{"rendered":"\t\t<div data-elementor-type=\"wp-page\" data-elementor-id=\"3302\" class=\"elementor elementor-3302\">\n\t\t\t\t\t\t\t\t\t<section class=\" elementor-section elementor-top-section elementor-element elementor-element-5b1c678 elementor-section-boxed elementor-section-height-default elementor-section-height-default\" data-id=\"5b1c678\" data-element_type=\"section\">\r\n\t\t\t\t\t\t\t\t<div class=\"elementor-container elementor-column-gap-default\">\r\n\t\t\t\t\r\n\t\t\t\t\t\t\t<div class=\" elementor-column elementor-col-66 elementor-top-column elementor-element elementor-element-d3eeebd \" data-id=\"d3eeebd\" data-element_type=\"column\">\r\n\r\n\t\t\t\r\n\t\t\t<div class=\"elementor-widget-wrap elementor-element-populated\">\r\n\t\t\t\t\t\t\t\t\r\n\t\t\t\t\t<div class=\"elementor-element elementor-element-12f104a elementor-widget elementor-widget-text-editor\" data-id=\"12f104a\" data-element_type=\"widget\" data-widget_type=\"text-editor.default\">\n\t\t\t\t<div class=\"elementor-widget-container\">\n\t\t\t<style>\/*! elementor - v3.6.6 - 08-06-2022 *\/\n.elementor-widget-text-editor.elementor-drop-cap-view-stacked .elementor-drop-cap{background-color:#818a91;color:#fff}.elementor-widget-text-editor.elementor-drop-cap-view-framed .elementor-drop-cap{color:#818a91;border:3px solid;background-color:transparent}.elementor-widget-text-editor:not(.elementor-drop-cap-view-default) .elementor-drop-cap{margin-top:8px}.elementor-widget-text-editor:not(.elementor-drop-cap-view-default) .elementor-drop-cap-letter{width:1em;height:1em}.elementor-widget-text-editor .elementor-drop-cap{float:left;text-align:center;line-height:1;font-size:50px}.elementor-widget-text-editor .elementor-drop-cap-letter{display:inline-block}<\/style>\t\t\t\t<p>GEM A.\u015e. olarak y\u00fcr\u00fctt\u00fc\u011f\u00fcm\u00fcz faaliyetlerimizden \u00f6t\u00fcr\u00fc, mevcut \u00e7at\u0131m\u0131z alt\u0131nda \u00e7al\u0131\u015fanlar\u0131m\u0131z\u0131n ve misafirlerimizin sa\u011fl\u0131k ve g\u00fcvenli\u011finin etkilenebilece\u011finin bilincindeyiz. Bu y\u00fczden i\u015f kazalar\u0131n\u0131 ve meslek hastal\u0131klar\u0131n\u0131 \u00f6nlemek ve minimum seviyelere d\u00fc\u015f\u00fcrmek \u00f6ncelikli hedefimiz olup, ilgili hedefleri yakalayabilmek i\u00e7in;<\/p><ul><li>Faaliyet alanlar\u0131m\u0131za dahil olan, i\u015fbirli\u011fi yapt\u0131\u011f\u0131m\u0131z harici kurulu\u015flar\u0131n her birey ve \u00e7al\u0131\u015fanlar\u0131 dahil olmak \u00fczere, b\u00fct\u00fcn \u00e7al\u0131\u015fanlar\u0131m\u0131z\u0131n sa\u011fl\u0131\u011f\u0131n\u0131 korumak ve g\u00fcvenli\u011fini sa\u011flamay\u0131 en \u00f6nemli g\u00f6rev kabul ederiz.<br \/><br \/><\/li><li>B\u00fct\u00fcn \u00e7al\u0131\u015fanlar\u0131m\u0131z\u0131n kat\u0131l\u0131m\u0131n\u0131 sa\u011flayarak, \u00e7al\u0131\u015fma ortam\u0131n\u0131 sa\u011fl\u0131kl\u0131 ve g\u00fcvenli hale getiririz.<br \/><br \/><\/li><li>\u0130\u015f sa\u011fl\u0131\u011f\u0131 ve g\u00fcvenli\u011fi ile ilgili ulusal mevzuatlar\u0131 ve uluslararas\u0131 kabul g\u00f6rm\u00fc\u015f standartlar\u0131 referans alarak b\u00fct\u00fcn y\u00fck\u00fcml\u00fcl\u00fckleri yerine getiririz.<br \/><br \/><\/li><li>Mevcut olan veya ihtimal dahilinde olu\u015fabilecek risklerimizi de\u011ferlendirerek, gerekli tedbirleri belirleme, uygulama ve s\u00fcrd\u00fcrme konular\u0131nda \u00e7al\u0131\u015fmalar y\u00fcr\u00fct\u00fcr\u00fcz.<br \/><br \/><\/li><li>Her \u015feye ra\u011fmen olu\u015fabilecek acil durumlara her daim haz\u0131r olmak i\u00e7in, plan ve uygulama gerekliliklerini yerine getiririz.<br \/><br \/><\/li><li>GEM A.\u015e. y\u00f6netimi olarak, \u00e7al\u0131\u015fanlar\u0131m\u0131z\u0131n sa\u011fl\u0131k ve g\u00fcvenlik konusundaki bilin\u00e7 ve yeterlili\u011fini sa\u011flamak ve mesleki geli\u015fimlerine katk\u0131 sa\u011flamak i\u00e7in e\u011fitim ve di\u011fer organizasyonlar\u0131 etkin bir \u015fekilde uygular ve s\u00fcrd\u00fcr\u00fcr\u00fcz.<br \/><br \/><\/li><li>\u0130\u015f sa\u011fl\u0131\u011f\u0131 ve g\u00fcvenli\u011fini geli\u015ftirebilecek her t\u00fcrl\u00fc tedbiri uygulamak i\u00e7in, m\u00fcmk\u00fcn olan en iyi ve g\u00fcncel teknolojik ve bilimsel uygulamalar\u0131 takip edip sistemimize kazand\u0131rma konusunda gerekli kaynaklar\u0131 ay\u0131r\u0131r\u0131z.<br \/><br \/><\/li><li>\u0130\u015f sa\u011fl\u0131\u011f\u0131 ve g\u00fcvenli\u011fi y\u00f6netim sistemimizin s\u00fcrd\u00fcr\u00fclmesini sa\u011flar ve s\u00fcrekli geli\u015fimi i\u00e7in ISO 45001 rehberli\u011finde ger\u00e7ek\u00e7i hedefler belirleriz. Bu hedefleri ve hedeflere ula\u015fma yolumuzdaki performans\u0131m\u0131z\u0131 devaml\u0131 g\u00f6zden ge\u00e7irerek sa\u011fl\u0131k ve g\u00fcvenlik konusundaki \u00e7\u0131tam\u0131z\u0131 yukar\u0131ya ta\u015f\u0131r\u0131z.<br \/><br \/><\/li><li>GEM A.\u015e. i\u00e7inde olu\u015fturdu\u011fumuz genel g\u00fcvenlik k\u00fclt\u00fcr\u00fcn\u00fcn s\u00fcrd\u00fcr\u00fclmesini ve geli\u015ftirilmesini sa\u011flar\u0131z.<\/li><\/ul>\t\t\t\t\t\t<\/div>\n\t\t\t\t<\/div>\n\t\t\t\t\t<\/div>\r\n\t\t\t<\/div>\r\n\t\t\t\t\t\t\t<div class=\" elementor-column elementor-col-33 elementor-top-column elementor-element elementor-element-4b64278 \" data-id=\"4b64278\" data-element_type=\"column\">\r\n\r\n\t\t\t\r\n\t\t\t<div class=\"elementor-widget-wrap elementor-element-populated\">\r\n\t\t\t\t\t\t\t\t\r\n\t\t\t\t\t<div class=\"elementor-element elementor-element-0e97473 elementor-widget elementor-widget-image\" data-id=\"0e97473\" data-element_type=\"widget\" data-widget_type=\"image.default\">\n\t\t\t\t<div class=\"elementor-widget-container\">\n\t\t\t<style>\/*! elementor - v3.6.6 - 08-06-2022 *\/\n.elementor-widget-image{text-align:center}.elementor-widget-image a{display:inline-block}.elementor-widget-image a img[src$=\".svg\"]{width:48px}.elementor-widget-image img{vertical-align:middle;display:inline-block}<\/style>\t\t\t\t\t\t\t\t\t\t\t\t<img decoding=\"async\" width=\"750\" height=\"756\" src=\"https:\/\/www.gemcons.com\/tr\/wp-content\/uploads\/2022\/07\/Akpa-Kimya-is-sagligi-ve-guvenligi.jpg\" class=\"attachment-large size-large\" alt=\"\" \/>\t\t\t\t\t\t\t\t\t\t\t\t\t\t\t<\/div>\n\t\t\t\t<\/div>\n\t\t\t\t\t<\/div>\r\n\t\t\t<\/div>\r\n\t\t\t\t\t\t\t<\/div>\r\n\t\t\t<\/section>\r\n\t\t\t\t\t\t\t\t<\/div>\n\t\t","protected":false},"excerpt":{"rendered":"<p>GEM A.\u015e. olarak y\u00fcr\u00fctt\u00fc\u011f\u00fcm\u00fcz faaliyetlerimizden \u00f6t\u00fcr\u00fc, mevcut \u00e7at\u0131m\u0131z alt\u0131nda \u00e7al\u0131\u015fanlar\u0131m\u0131z\u0131n ve misafirlerimizin sa\u011fl\u0131k ve g\u00fcvenli\u011finin etkilenebilece\u011finin bilincindeyiz. Bu y\u00fczden i\u015f kazalar\u0131n\u0131 ve meslek hastal\u0131klar\u0131n\u0131 \u00f6nlemek ve minimum seviyelere d\u00fc\u015f\u00fcrmek \u00f6ncelikli hedefimiz olup, ilgili hedefleri yakalayabilmek i\u00e7in; Faaliyet alanlar\u0131m\u0131za dahil olan, i\u015fbirli\u011fi yapt\u0131\u011f\u0131m\u0131z harici kurulu\u015flar\u0131n her birey ve \u00e7al\u0131\u015fanlar\u0131 dahil olmak \u00fczere, b\u00fct\u00fcn \u00e7al\u0131\u015fanlar\u0131m\u0131z\u0131n sa\u011fl\u0131\u011f\u0131n\u0131 korumak [&hellip;]<\/p>\n","protected":false},"author":1,"featured_media":0,"parent":14,"menu_order":4,"comment_status":"closed","ping_status":"closed","template":"","meta":{"footnotes":""},"class_list":["post-3302","page","type-page","status-publish","hentry"],"_links":{"self":[{"href":"https:\/\/www.gemcons.com\/tr\/wp-json\/wp\/v2\/pages\/3302","targetHints":{"allow":["GET"]}}],"collection":[{"href":"https:\/\/www.gemcons.com\/tr\/wp-json\/wp\/v2\/pages"}],"about":[{"href":"https:\/\/www.gemcons.com\/tr\/wp-json\/wp\/v2\/types\/page"}],"author":[{"embeddable":true,"href":"https:\/\/www.gemcons.com\/tr\/wp-json\/wp\/v2\/users\/1"}],"replies":[{"embeddable":true,"href":"https:\/\/www.gemcons.com\/tr\/wp-json\/wp\/v2\/comments?post=3302"}],"version-history":[{"count":13,"href":"https:\/\/www.gemcons.com\/tr\/wp-json\/wp\/v2\/pages\/3302\/revisions"}],"predecessor-version":[{"id":3901,"href":"https:\/\/www.gemcons.com\/tr\/wp-json\/wp\/v2\/pages\/3302\/revisions\/3901"}],"up":[{"embeddable":true,"href":"https:\/\/www.gemcons.com\/tr\/wp-json\/wp\/v2\/pages\/14"}],"wp:attachment":[{"href":"https:\/\/www.gemcons.com\/tr\/wp-json\/wp\/v2\/media?parent=3302"}],"curies":[{"name":"wp","href":"https:\/\/api.w.org\/{rel}","templated":true}]}}