{"id":3308,"date":"2022-07-03T21:08:06","date_gmt":"2022-07-03T21:08:06","guid":{"rendered":"https:\/\/www.gemcons.com\/tr\/?page_id=3308"},"modified":"2025-12-09T22:43:35","modified_gmt":"2025-12-09T19:43:35","slug":"cevre-politikamiz","status":"publish","type":"page","link":"https:\/\/www.gemcons.com\/tr\/kurumsal\/cevre-politikamiz\/","title":{"rendered":"\u00c7evre Politikam\u0131z"},"content":{"rendered":"\t\t<div data-elementor-type=\"wp-page\" data-elementor-id=\"3308\" class=\"elementor elementor-3308\">\n\t\t\t\t\t\t\t\t\t<section class=\" elementor-section elementor-top-section elementor-element elementor-element-7dd63fc elementor-section-boxed elementor-section-height-default elementor-section-height-default\" data-id=\"7dd63fc\" data-element_type=\"section\">\r\n\t\t\t\t\t\t\t\t<div class=\"elementor-container elementor-column-gap-default\">\r\n\t\t\t\t\r\n\t\t\t\t\t\t\t<div class=\" elementor-column elementor-col-66 elementor-top-column elementor-element elementor-element-9f2f15d \" data-id=\"9f2f15d\" data-element_type=\"column\">\r\n\r\n\t\t\t\r\n\t\t\t<div class=\"elementor-widget-wrap elementor-element-populated\">\r\n\t\t\t\t\t\t\t\t\r\n\t\t\t\t\t<div class=\"elementor-element elementor-element-f62478c elementor-widget elementor-widget-text-editor\" data-id=\"f62478c\" data-element_type=\"widget\" data-widget_type=\"text-editor.default\">\n\t\t\t\t<div class=\"elementor-widget-container\">\n\t\t\t<style>\/*! elementor - v3.6.6 - 08-06-2022 *\/\n.elementor-widget-text-editor.elementor-drop-cap-view-stacked .elementor-drop-cap{background-color:#818a91;color:#fff}.elementor-widget-text-editor.elementor-drop-cap-view-framed .elementor-drop-cap{color:#818a91;border:3px solid;background-color:transparent}.elementor-widget-text-editor:not(.elementor-drop-cap-view-default) .elementor-drop-cap{margin-top:8px}.elementor-widget-text-editor:not(.elementor-drop-cap-view-default) .elementor-drop-cap-letter{width:1em;height:1em}.elementor-widget-text-editor .elementor-drop-cap{float:left;text-align:center;line-height:1;font-size:50px}.elementor-widget-text-editor .elementor-drop-cap-letter{display:inline-block}<\/style>\t\t\t\t<p>Ya\u015fad\u0131\u011f\u0131m\u0131z \u00e7evreyi korumak ve t\u00fcm canl\u0131lara ve gelecek ku\u015faklara temiz, sa\u011fl\u0131kl\u0131, huzurlu ve g\u00fcvenli bir d\u00fcnya b\u0131rakmak i\u00e7in, b\u00fct\u00fcn ofis ve tesislerimizdeki t\u00fcm \u00e7al\u0131\u015fanlar\u0131m\u0131zla birlikte GEM A.\u015e. olarak a\u015fa\u011f\u0131daki g\u00f6rev ve sorumluluklar\u0131 yerine getirmeyi kabul ve taahh\u00fct ederiz:<\/p><ul><li>B\u00fct\u00fcn ulusal ve uluslararas\u0131 yasal gereklilikler ve d\u00fczenlemelere uymay\u0131.<br \/><br \/><\/li><li>\u00c7evre y\u00f6netim sistemi kurarak risk temelli yakla\u015f\u0131m \u00e7er\u00e7evesinde sistemin s\u00fcrd\u00fcr\u00fclmesi ve s\u00fcrekli iyile\u015ftirilmesi.<br \/><br \/><\/li><li>\u00c7evre vizyonumuza uygun hedefler belirlenmesi ve ama\u00e7 ve hedeflerimiz do\u011frultusunda performans\u0131m\u0131z\u0131n g\u00f6zden ge\u00e7irilmesi.<br \/><br \/><\/li><li>\u00c7evre ama\u00e7 ve hedeflerimiz i\u00e7in gerekli organizasyonun sa\u011flanmas\u0131 ve kaynaklar\u0131n ayr\u0131lmas\u0131.<br \/><br \/><\/li><li>\u00dcr\u00fcn tasar\u0131m\u0131, \u00fcretimi ve sevkiyat\u0131ndan, son kullan\u0131c\u0131 s\u00fcre\u00e7leri ve \u00f6mr\u00fcn\u00fc tamamlamas\u0131ndan sonraki bertaraf s\u00fcre\u00e7lerine kadar \u00fcr\u00fcnlerin b\u00fct\u00fcn ya\u015fam d\u00f6ng\u00fcs\u00fcnde \u00e7evresel zarar\u0131n \u00f6nlenmesi veya asgari d\u00fczeye indirilmesi.<br \/><br \/><\/li><li>Faaliyetlerimizi ger\u00e7ekle\u015ftirmek i\u00e7in kulland\u0131\u011f\u0131m\u0131z su, gaz ve elektrik gibi kaynaklar\u0131n t\u00fcketimini her t\u00fcrl\u00fc verimli \u00e7al\u0131\u015fma y\u00f6ntemleriyle birlikte \u00f6zen g\u00f6stererek azalt\u0131lmas\u0131.<br \/><br \/><\/li><li>B\u00fct\u00fcn at\u0131klar\u0131n ve kirlili\u011fin \u00f6ncelikle kayna\u011f\u0131nda \u00f6nlenmesi, azalt\u0131lmas\u0131n\u0131 ve ayr\u0131\u015ft\u0131r\u0131lmas\u0131n\u0131 ve at\u0131klar\u0131n geri d\u00f6n\u00fc\u015ft\u00fcr\u00fclmesi.<br \/><br \/><\/li><li>\u00c7al\u0131\u015fanlar\u0131m\u0131z\u0131n \u00e7evresel fark\u0131ndal\u0131klar\u0131n\u0131n e\u011fitim yoluyla art\u0131r\u0131lmas\u0131 ve kurumsal \u00e7evre k\u00fclt\u00fcr\u00fc olu\u015fturulmas\u0131na katk\u0131 sa\u011flamalar\u0131n\u0131n te\u015fvik edilmesi.<\/li><\/ul>\t\t\t\t\t\t<\/div>\n\t\t\t\t<\/div>\n\t\t\t\t\t<\/div>\r\n\t\t\t<\/div>\r\n\t\t\t\t\t\t\t<div class=\" elementor-column elementor-col-33 elementor-top-column elementor-element elementor-element-2df6fd9 \" data-id=\"2df6fd9\" data-element_type=\"column\">\r\n\r\n\t\t\t\r\n\t\t\t<div class=\"elementor-widget-wrap elementor-element-populated\">\r\n\t\t\t\t\t\t\t\t\r\n\t\t\t\t\t<div class=\"elementor-element elementor-element-78bdfbb elementor-widget elementor-widget-image\" data-id=\"78bdfbb\" data-element_type=\"widget\" data-widget_type=\"image.default\">\n\t\t\t\t<div class=\"elementor-widget-container\">\n\t\t\t<style>\/*! elementor - v3.6.6 - 08-06-2022 *\/\n.elementor-widget-image{text-align:center}.elementor-widget-image a{display:inline-block}.elementor-widget-image a img[src$=\".svg\"]{width:48px}.elementor-widget-image img{vertical-align:middle;display:inline-block}<\/style>\t\t\t\t\t\t\t\t\t\t\t\t<img decoding=\"async\" width=\"715\" height=\"848\" src=\"https:\/\/www.gemcons.com\/tr\/wp-content\/uploads\/2022\/07\/cevre.jpg\" class=\"attachment-large size-large\" alt=\"\" \/>\t\t\t\t\t\t\t\t\t\t\t\t\t\t\t<\/div>\n\t\t\t\t<\/div>\n\t\t\t\t\t<\/div>\r\n\t\t\t<\/div>\r\n\t\t\t\t\t\t\t<\/div>\r\n\t\t\t<\/section>\r\n\t\t\t\t\t\t\t\t<\/div>\n\t\t","protected":false},"excerpt":{"rendered":"<p>Ya\u015fad\u0131\u011f\u0131m\u0131z \u00e7evreyi korumak ve t\u00fcm canl\u0131lara ve gelecek ku\u015faklara temiz, sa\u011fl\u0131kl\u0131, huzurlu ve g\u00fcvenli bir d\u00fcnya b\u0131rakmak i\u00e7in, b\u00fct\u00fcn ofis ve tesislerimizdeki t\u00fcm \u00e7al\u0131\u015fanlar\u0131m\u0131zla birlikte GEM A.\u015e. olarak a\u015fa\u011f\u0131daki g\u00f6rev ve sorumluluklar\u0131 yerine getirmeyi kabul ve taahh\u00fct ederiz: B\u00fct\u00fcn ulusal ve uluslararas\u0131 yasal gereklilikler ve d\u00fczenlemelere uymay\u0131. \u00c7evre y\u00f6netim sistemi kurarak risk temelli yakla\u015f\u0131m \u00e7er\u00e7evesinde [&hellip;]<\/p>\n","protected":false},"author":1,"featured_media":0,"parent":14,"menu_order":5,"comment_status":"closed","ping_status":"closed","template":"","meta":{"footnotes":""},"class_list":["post-3308","page","type-page","status-publish","hentry"],"_links":{"self":[{"href":"https:\/\/www.gemcons.com\/tr\/wp-json\/wp\/v2\/pages\/3308","targetHints":{"allow":["GET"]}}],"collection":[{"href":"https:\/\/www.gemcons.com\/tr\/wp-json\/wp\/v2\/pages"}],"about":[{"href":"https:\/\/www.gemcons.com\/tr\/wp-json\/wp\/v2\/types\/page"}],"author":[{"embeddable":true,"href":"https:\/\/www.gemcons.com\/tr\/wp-json\/wp\/v2\/users\/1"}],"replies":[{"embeddable":true,"href":"https:\/\/www.gemcons.com\/tr\/wp-json\/wp\/v2\/comments?post=3308"}],"version-history":[{"count":7,"href":"https:\/\/www.gemcons.com\/tr\/wp-json\/wp\/v2\/pages\/3308\/revisions"}],"predecessor-version":[{"id":3904,"href":"https:\/\/www.gemcons.com\/tr\/wp-json\/wp\/v2\/pages\/3308\/revisions\/3904"}],"up":[{"embeddable":true,"href":"https:\/\/www.gemcons.com\/tr\/wp-json\/wp\/v2\/pages\/14"}],"wp:attachment":[{"href":"https:\/\/www.gemcons.com\/tr\/wp-json\/wp\/v2\/media?parent=3308"}],"curies":[{"name":"wp","href":"https:\/\/api.w.org\/{rel}","templated":true}]}}