{"id":3316,"date":"2022-07-03T21:15:05","date_gmt":"2022-07-03T21:15:05","guid":{"rendered":"https:\/\/www.gemcons.com\/tr\/?page_id=3316"},"modified":"2025-12-09T22:49:41","modified_gmt":"2025-12-09T19:49:41","slug":"ekibimiz","status":"publish","type":"page","link":"https:\/\/www.gemcons.com\/tr\/kurumsal\/ekibimiz\/","title":{"rendered":"Ekibimiz"},"content":{"rendered":"\t\t<div data-elementor-type=\"wp-page\" data-elementor-id=\"3316\" class=\"elementor elementor-3316\">\n\t\t\t\t\t\t\t\t\t<section class=\" elementor-section elementor-top-section elementor-element elementor-element-6f82b65 elementor-section-boxed elementor-section-height-default elementor-section-height-default\" data-id=\"6f82b65\" data-element_type=\"section\">\r\n\t\t\t\t\t\t\t\t<div class=\"elementor-container elementor-column-gap-default\">\r\n\t\t\t\t\r\n\t\t\t\t\t\t\t<div class=\" elementor-column elementor-col-100 elementor-top-column elementor-element elementor-element-9cb3d76 \" data-id=\"9cb3d76\" data-element_type=\"column\">\r\n\r\n\t\t\t\r\n\t\t\t<div class=\"elementor-widget-wrap elementor-element-populated\">\r\n\t\t\t\t\t\t\t\t\r\n\t\t\t\t\t<div class=\"elementor-element elementor-element-078e7d9 elementor-widget elementor-widget-image\" data-id=\"078e7d9\" data-element_type=\"widget\" data-widget_type=\"image.default\">\n\t\t\t\t<div class=\"elementor-widget-container\">\n\t\t\t<style>\/*! elementor - v3.6.6 - 08-06-2022 *\/\n.elementor-widget-image{text-align:center}.elementor-widget-image a{display:inline-block}.elementor-widget-image a img[src$=\".svg\"]{width:48px}.elementor-widget-image img{vertical-align:middle;display:inline-block}<\/style>\t\t\t\t\t\t\t\t\t\t\t\t<img decoding=\"async\" width=\"1500\" height=\"752\" src=\"https:\/\/www.gemcons.com\/tr\/wp-content\/uploads\/2025\/12\/ekibimiz.jpg\" class=\"attachment-full size-full\" alt=\"\" srcset=\"https:\/\/www.gemcons.com\/tr\/wp-content\/uploads\/2025\/12\/ekibimiz.jpg 1500w, https:\/\/www.gemcons.com\/tr\/wp-content\/uploads\/2025\/12\/ekibimiz-1024x513.jpg 1024w, https:\/\/www.gemcons.com\/tr\/wp-content\/uploads\/2025\/12\/ekibimiz-768x385.jpg 768w\" sizes=\"(max-width: 1500px) 100vw, 1500px\" \/>\t\t\t\t\t\t\t\t\t\t\t\t\t\t\t<\/div>\n\t\t\t\t<\/div>\n\t\t\t\t<div class=\"elementor-element elementor-element-0c62adc elementor-widget elementor-widget-text-editor\" data-id=\"0c62adc\" data-element_type=\"widget\" data-widget_type=\"text-editor.default\">\n\t\t\t\t<div class=\"elementor-widget-container\">\n\t\t\t<style>\/*! elementor - v3.6.6 - 08-06-2022 *\/\n.elementor-widget-text-editor.elementor-drop-cap-view-stacked .elementor-drop-cap{background-color:#818a91;color:#fff}.elementor-widget-text-editor.elementor-drop-cap-view-framed .elementor-drop-cap{color:#818a91;border:3px solid;background-color:transparent}.elementor-widget-text-editor:not(.elementor-drop-cap-view-default) .elementor-drop-cap{margin-top:8px}.elementor-widget-text-editor:not(.elementor-drop-cap-view-default) .elementor-drop-cap-letter{width:1em;height:1em}.elementor-widget-text-editor .elementor-drop-cap{float:left;text-align:center;line-height:1;font-size:50px}.elementor-widget-text-editor .elementor-drop-cap-letter{display:inline-block}<\/style>\t\t\t\t<p>Her projenin kendi zorluklar\u0131, belirsizlikleri, riskleri ve hedefleri var. Ba\u015far\u0131n\u0131n anahtar\u0131 y\u00fcksek vas\u0131fl\u0131 insanlarla birlikte \u00e7al\u0131\u015fmakt\u0131r; ancak, bundan daha da \u00f6nemlisi bunu sa\u011flam bir tak\u0131m halinde ger\u00e7ekle\u015ftirmektir. Tak\u0131m halinde \u00e7al\u0131\u015f\u0131r, birbirimizi destekler ve bilgilerimizi payla\u015f\u0131rsak en iyi sonu\u00e7lara ula\u015f\u0131r, f\u0131rsatlar\u0131 yakalar ve tam anlam\u0131yla geli\u015fim g\u00f6steririz. GEM A.\u015e.\u2019de t\u00fcm \u00e7al\u0131\u015fanlar\u0131m\u0131zla buna inan\u0131r\u0131z.<\/p>\t\t\t\t\t\t<\/div>\n\t\t\t\t<\/div>\n\t\t\t\t\t<\/div>\r\n\t\t\t<\/div>\r\n\t\t\t\t\t\t\t<\/div>\r\n\t\t\t<\/section>\r\n\t\t\t\t\t\t\t\t<\/div>\n\t\t","protected":false},"excerpt":{"rendered":"<p>Her projenin kendi zorluklar\u0131, belirsizlikleri, riskleri ve hedefleri var. Ba\u015far\u0131n\u0131n anahtar\u0131 y\u00fcksek vas\u0131fl\u0131 insanlarla birlikte \u00e7al\u0131\u015fmakt\u0131r; ancak, bundan daha da \u00f6nemlisi bunu sa\u011flam bir tak\u0131m halinde ger\u00e7ekle\u015ftirmektir. Tak\u0131m halinde \u00e7al\u0131\u015f\u0131r, birbirimizi destekler ve bilgilerimizi payla\u015f\u0131rsak en iyi sonu\u00e7lara ula\u015f\u0131r, f\u0131rsatlar\u0131 yakalar ve tam anlam\u0131yla geli\u015fim g\u00f6steririz. GEM A.\u015e.\u2019de t\u00fcm \u00e7al\u0131\u015fanlar\u0131m\u0131zla buna inan\u0131r\u0131z.<\/p>\n","protected":false},"author":1,"featured_media":0,"parent":14,"menu_order":6,"comment_status":"closed","ping_status":"closed","template":"","meta":{"footnotes":""},"class_list":["post-3316","page","type-page","status-publish","hentry"],"_links":{"self":[{"href":"https:\/\/www.gemcons.com\/tr\/wp-json\/wp\/v2\/pages\/3316","targetHints":{"allow":["GET"]}}],"collection":[{"href":"https:\/\/www.gemcons.com\/tr\/wp-json\/wp\/v2\/pages"}],"about":[{"href":"https:\/\/www.gemcons.com\/tr\/wp-json\/wp\/v2\/types\/page"}],"author":[{"embeddable":true,"href":"https:\/\/www.gemcons.com\/tr\/wp-json\/wp\/v2\/users\/1"}],"replies":[{"embeddable":true,"href":"https:\/\/www.gemcons.com\/tr\/wp-json\/wp\/v2\/comments?post=3316"}],"version-history":[{"count":10,"href":"https:\/\/www.gemcons.com\/tr\/wp-json\/wp\/v2\/pages\/3316\/revisions"}],"predecessor-version":[{"id":3912,"href":"https:\/\/www.gemcons.com\/tr\/wp-json\/wp\/v2\/pages\/3316\/revisions\/3912"}],"up":[{"embeddable":true,"href":"https:\/\/www.gemcons.com\/tr\/wp-json\/wp\/v2\/pages\/14"}],"wp:attachment":[{"href":"https:\/\/www.gemcons.com\/tr\/wp-json\/wp\/v2\/media?parent=3316"}],"curies":[{"name":"wp","href":"https:\/\/api.w.org\/{rel}","templated":true}]}}